{"id":2068,"date":"2025-07-14T13:30:57","date_gmt":"2025-07-14T11:30:57","guid":{"rendered":"https:\/\/www.kinok.eu\/imprint\/"},"modified":"2025-07-15T19:11:09","modified_gmt":"2025-07-15T17:11:09","slug":"imprint","status":"publish","type":"page","link":"https:\/\/www.kinok.eu\/es\/imprint\/","title":{"rendered":"Imprint"},"content":{"rendered":"\n<!-- Legal document generated by Complianz | GDPR\/CCPA Cookie Consent https:\/\/wordpress.org\/plugins\/complianz-gdpr -->\n<div id=\"cmplz-document\" class=\"cmplz-document impressum cmplz-document-all\"><p><i>Este aviso legal \/ imprint fue actualizado por \u00faltima vez el 24. 9. 2025.<\/i><\/p><p class=\"cmplz-subtitle\">El propietario de esta web es:<\/p><p>KinoK s.r.o. <br>Jana Weisse 1204, 514 01 Jilemnice<br>Rep\u00fablica Checa<br>Correo electr\u00f3nico:&nbsp;<span class=\"cmplz-obfuscate\">&#115;&#117;ppor&#116;@<span class=\"cmplz-fmail-domain\">e&#120;.&#099;&#111;&#109;<\/span>&#107;&#105;no&#107;&#046;&#101;&#117;<\/span><br><br><\/p><p class=\"cmplz-subtitle\">El\/Los representante\/s legal\/es de KinoK s.r.o. :<\/p><p>Richard Farbar<\/p><h2>1. General<\/h2><p class=\"cmplz-subtitle\">1.1 Estamos registrados en veden\u00e1 u Krajsk\u00e9ho soudu v Hradci Kr\u00e1lov\u00e9 pod spis. zn. C 51239. bajo el n\u00famero de licencia o registro:<\/p><p>I\u010c: 19337574<\/p><p>Estamos dispuestos u obligados a participar en procedimientos de resoluci\u00f3n de conflictos ante una junta de arbitraje de consumo.<\/p><h2>2. La siguiente informaci\u00f3n es obligatoria seg\u00fan la legislaci\u00f3n alemana.<\/h2><p class=\"cmplz-subtitle\">2.1 Die Eigentumsanteile der Gesellschaft (Aktienkapital), die von ihr ausgegeben wurden:<\/p><p>100 000 K\u010d<\/p><\/div>","protected":false},"excerpt":{"rendered":"","protected":false},"author":1,"featured_media":0,"parent":0,"menu_order":0,"comment_status":"closed","ping_status":"closed","template":"","meta":{"_acf_changed":false,"footnotes":""},"class_list":["post-2068","page","type-page","status-publish","hentry"],"acf":[],"_links":{"self":[{"href":"https:\/\/www.kinok.eu\/es\/wp-json\/wp\/v2\/pages\/2068","targetHints":{"allow":["GET"]}}],"collection":[{"href":"https:\/\/www.kinok.eu\/es\/wp-json\/wp\/v2\/pages"}],"about":[{"href":"https:\/\/www.kinok.eu\/es\/wp-json\/wp\/v2\/types\/page"}],"author":[{"embeddable":true,"href":"https:\/\/www.kinok.eu\/es\/wp-json\/wp\/v2\/users\/1"}],"replies":[{"embeddable":true,"href":"https:\/\/www.kinok.eu\/es\/wp-json\/wp\/v2\/comments?post=2068"}],"version-history":[{"count":0,"href":"https:\/\/www.kinok.eu\/es\/wp-json\/wp\/v2\/pages\/2068\/revisions"}],"wp:attachment":[{"href":"https:\/\/www.kinok.eu\/es\/wp-json\/wp\/v2\/media?parent=2068"}],"curies":[{"name":"wp","href":"https:\/\/api.w.org\/{rel}","templated":true}]}}