{"id":40,"date":"2025-07-08T00:21:14","date_gmt":"2025-07-07T22:21:14","guid":{"rendered":"https:\/\/www.kinok.eu\/carrello\/"},"modified":"2025-12-15T15:43:11","modified_gmt":"2025-12-15T14:43:11","slug":"cart","status":"publish","type":"page","link":"https:\/\/www.kinok.eu\/it\/cart\/","title":{"rendered":"Carrello"},"content":{"rendered":"\n<div data-block-name=\"woocommerce\/cart\" class=\"wp-block-woocommerce-cart is-loading\">\n<div data-block-name=\"woocommerce\/filled-cart-block\" class=\"wp-block-woocommerce-filled-cart-block\">\n<div data-block-name=\"woocommerce\/cart-items-block\" class=\"wp-block-woocommerce-cart-items-block\">\n<div data-block-name=\"woocommerce\/cart-line-items-block\" class=\"wp-block-woocommerce-cart-line-items-block\"><\/div>\n\n\n\n<div data-block-name=\"woocommerce\/cart-cross-sells-block\" class=\"wp-block-woocommerce-cart-cross-sells-block\">\n<h2 class=\"wp-block-heading has-large-font-size\">Potrebbe interessarti\u2026<\/h2>\n\n\n\n<div data-block-name=\"woocommerce\/cart-cross-sells-products-block\" class=\"wp-block-woocommerce-cart-cross-sells-products-block\"><\/div>\n<\/div>\n<\/div>\n\n\n\n<div data-block-name=\"woocommerce\/cart-totals-block\" class=\"wp-block-woocommerce-cart-totals-block\">\n<div data-block-name=\"woocommerce\/cart-order-summary-block\" class=\"wp-block-woocommerce-cart-order-summary-block\">\n<div data-block-name=\"woocommerce\/cart-order-summary-heading-block\" data-content=\"Celkem k platb\u011b\" class=\"wp-block-woocommerce-cart-order-summary-heading-block\"><\/div>\n\n\n\n<div data-block-name=\"woocommerce\/cart-order-summary-coupon-form-block\" class=\"wp-block-woocommerce-cart-order-summary-coupon-form-block\"><\/div>\n\n\n\n<div data-block-name=\"woocommerce\/cart-order-summary-totals-block\" class=\"wp-block-woocommerce-cart-order-summary-totals-block\">\n<div data-block-name=\"woocommerce\/cart-order-summary-subtotal-block\" class=\"wp-block-woocommerce-cart-order-summary-subtotal-block\"><\/div>\n\n\n\n<div data-block-name=\"woocommerce\/cart-order-summary-fee-block\" class=\"wp-block-woocommerce-cart-order-summary-fee-block\"><\/div>\n\n\n\n<div data-block-name=\"woocommerce\/cart-order-summary-discount-block\" class=\"wp-block-woocommerce-cart-order-summary-discount-block\"><\/div>\n\n\n\n<div data-block-name=\"woocommerce\/cart-order-summary-shipping-block\" class=\"wp-block-woocommerce-cart-order-summary-shipping-block\"><\/div>\n\n\n\n<div data-block-name=\"woocommerce\/cart-order-summary-taxes-block\" class=\"wp-block-woocommerce-cart-order-summary-taxes-block\"><\/div>\n<\/div>\n<\/div>\n\n\n\n<div data-block-name=\"woocommerce\/cart-express-payment-block\" class=\"wp-block-woocommerce-cart-express-payment-block\"><\/div>\n\n\n\n<div data-block-name=\"woocommerce\/proceed-to-checkout-block\" class=\"wp-block-woocommerce-proceed-to-checkout-block\"><\/div>\n\n\n\n<div data-block-name=\"woocommerce\/cart-accepted-payment-methods-block\" class=\"wp-block-woocommerce-cart-accepted-payment-methods-block\"><\/div>\n<\/div>\n<\/div>\n\n\n\n<div data-block-name=\"woocommerce\/empty-cart-block\" class=\"wp-block-woocommerce-empty-cart-block\">\n<h2 class=\"wp-block-heading has-text-align-center with-empty-cart-icon wc-block-cart__empty-cart__title\">Il tuo carrello \u00e8 attualmente vuoto!<\/h2>\n\n\n\n<hr class=\"wp-block-separator has-alpha-channel-opacity is-style-dots\"\/>\n\n\n\n<h2 class=\"wp-block-heading has-text-align-center\">Novit\u00e0<\/h2>\n\n\n<div data-block-name=\"woocommerce\/product-new\" data-columns=\"4\" data-rows=\"1\" class=\"wc-block-grid wp-block-product-new wp-block-woocommerce-product-new wc-block-product-new has-4-columns\"><ul class=\"wc-block-grid__products\"><li class=\"wc-block-grid__product\"><span class=\"gtm4wp_productdata\" style=\"display:none; visibility:hidden;\" data-gtm4wp_product_data=\"{&quot;internal_id&quot;:1173,&quot;item_id&quot;:1173,&quot;item_name&quot;:&quot;Palazzo Arcivescovil e di Praga&quot;,&quot;sku&quot;:&quot;1163&quot;,&quot;price&quot;:260,&quot;stocklevel&quot;:null,&quot;stockstatus&quot;:&quot;instock&quot;,&quot;google_business_vertical&quot;:&quot;retail&quot;,&quot;item_category&quot;:&quot;Pam\\u00e1tky&quot;,&quot;id&quot;:1173,&quot;productlink&quot;:&quot;https:\\\/\\\/www.kinok.eu\\\/it\\\/produkt\\\/palazzo-arcivescovil-e-di-praga\\\/&quot;,&quot;item_list_name&quot;:&quot;General Product List&quot;,&quot;index&quot;:0,&quot;product_type&quot;:&quot;simple&quot;,&quot;item_brand&quot;:&quot;&quot;}\"><\/span>\n\t\t\t\t<a href=\"https:\/\/www.kinok.eu\/it\/produkt\/palazzo-arcivescovil-e-di-praga\/\" class=\"wc-block-grid__product-link\">\n\t\t\t\t\t\n\t\t\t\t\t<div class=\"wc-block-grid__product-image\"><img loading=\"lazy\" decoding=\"async\" width=\"300\" height=\"300\" src=\"https:\/\/cdn.kinok.eu\/wp-content\/uploads\/2025\/07\/ap-karta-300x300.jpg\" class=\"attachment-woocommerce_thumbnail size-woocommerce_thumbnail\" alt=\"Kapal\" srcset=\"https:\/\/cdn.kinok.eu\/wp-content\/uploads\/2025\/07\/ap-karta-300x300.jpg 300w, https:\/\/cdn.kinok.eu\/wp-content\/uploads\/2025\/07\/ap-karta-100x100.jpg 100w, https:\/\/cdn.kinok.eu\/wp-content\/uploads\/2025\/07\/ap-karta-150x150.jpg 150w\" sizes=\"auto, (max-width: 300px) 100vw, 300px\" \/><\/div>\n\t\t\t\t\t<div class=\"wc-block-grid__product-title\">Palazzo Arcivescovil e di Praga<\/div>\n\t\t\t\t<\/a>\n\t\t\t\t<div class=\"wc-block-grid__product-price price\"><div class=\"kk-price-foreign\" style=\"font-size:48px;line-height:1.1;font-weight:600\">10,92&nbsp;\u20ac<\/div><div class=\"kk-price-czk\" style=\"font-size:16px;line-height:1.3;opacity:0.8\">(<span class=\"woocommerce-Price-amount amount\">260&nbsp;<span class=\"woocommerce-Price-currencySymbol\">&#075;&#269;<\/span><\/span>)<\/div><\/div>\n\t\t\t\t\n\t\t\t\t<div class=\"wp-block-button wc-block-grid__product-add-to-cart\"><a href=\"\/it\/wp-json\/wp\/v2\/pages\/40?add-to-cart=1173\" aria-label=\"Aggiungi al carrello: &quot;Palazzo Arcivescovil e di Praga&quot;\" data-quantity=\"1\" data-product_id=\"1173\" data-product_sku=\"1163\" data-price=\"260\" rel=\"nofollow\" class=\"wp-block-button__link  add_to_cart_button ajax_add_to_cart\">Aggiungi al carrello<\/a><\/div>\n\t\t\t<\/li><li class=\"wc-block-grid__product\"><span class=\"gtm4wp_productdata\" style=\"display:none; visibility:hidden;\" data-gtm4wp_product_data=\"{&quot;internal_id&quot;:1767,&quot;item_id&quot;:1767,&quot;item_name&quot;:&quot;Basilica dell&#039;Assunzione di Maria Vergine - Star\\u00e1 Boleslav&quot;,&quot;sku&quot;:&quot;891&quot;,&quot;price&quot;:400,&quot;stocklevel&quot;:null,&quot;stockstatus&quot;:&quot;instock&quot;,&quot;google_business_vertical&quot;:&quot;retail&quot;,&quot;item_category&quot;:&quot;Pam\\u00e1tky&quot;,&quot;id&quot;:1767,&quot;productlink&quot;:&quot;https:\\\/\\\/www.kinok.eu\\\/it\\\/produkt\\\/basilica-dellassunzione-di-maria-vergine-stara-boleslav\\\/&quot;,&quot;item_list_name&quot;:&quot;General Product List&quot;,&quot;index&quot;:0,&quot;product_type&quot;:&quot;simple&quot;,&quot;item_brand&quot;:&quot;&quot;}\"><\/span>\n\t\t\t\t<a href=\"https:\/\/www.kinok.eu\/it\/produkt\/basilica-dellassunzione-di-maria-vergine-stara-boleslav\/\" class=\"wc-block-grid__product-link\">\n\t\t\t\t\t\n\t\t\t\t\t<div class=\"wc-block-grid__product-image\"><img loading=\"lazy\" decoding=\"async\" width=\"300\" height=\"300\" src=\"https:\/\/cdn.kinok.eu\/wp-content\/uploads\/2025\/07\/marie-karta-300x300.jpg\" class=\"attachment-woocommerce_thumbnail size-woocommerce_thumbnail\" alt=\"Interi\u00e9r bazilika Nanebevzet\u00ed panny Marie\" srcset=\"https:\/\/cdn.kinok.eu\/wp-content\/uploads\/2025\/07\/marie-karta-300x300.jpg 300w, https:\/\/cdn.kinok.eu\/wp-content\/uploads\/2025\/07\/marie-karta-100x100.jpg 100w, https:\/\/cdn.kinok.eu\/wp-content\/uploads\/2025\/07\/marie-karta-150x150.jpg 150w\" sizes=\"auto, (max-width: 300px) 100vw, 300px\" \/><\/div>\n\t\t\t\t\t<div class=\"wc-block-grid__product-title\">Basilica dell&#8217;Assunzione di Maria Vergine &#8211; Star\u00e1 Boleslav<\/div>\n\t\t\t\t<\/a>\n\t\t\t\t<div class=\"wc-block-grid__product-price price\"><div class=\"kk-price-foreign\" style=\"font-size:48px;line-height:1.1;font-weight:600\">16,81&nbsp;\u20ac<\/div><div class=\"kk-price-czk\" style=\"font-size:16px;line-height:1.3;opacity:0.8\">(<span class=\"woocommerce-Price-amount amount\">400&nbsp;<span class=\"woocommerce-Price-currencySymbol\">&#075;&#269;<\/span><\/span>)<\/div><\/div>\n\t\t\t\t\n\t\t\t\t<div class=\"wp-block-button wc-block-grid__product-add-to-cart\"><a href=\"\/it\/wp-json\/wp\/v2\/pages\/40?add-to-cart=1767\" aria-label=\"Aggiungi al carrello: &quot;Basilica dell&#039;Assunzione di Maria Vergine - Star\u00e1 Boleslav&quot;\" data-quantity=\"1\" data-product_id=\"1767\" data-product_sku=\"891\" data-price=\"400\" rel=\"nofollow\" class=\"wp-block-button__link  add_to_cart_button ajax_add_to_cart\">Aggiungi al carrello<\/a><\/div>\n\t\t\t<\/li><li class=\"wc-block-grid__product\"><span class=\"gtm4wp_productdata\" style=\"display:none; visibility:hidden;\" data-gtm4wp_product_data=\"{&quot;internal_id&quot;:1736,&quot;item_id&quot;:1736,&quot;item_name&quot;:&quot;Basilica di San Venceslao - Star\\u00e1 Boleslav&quot;,&quot;sku&quot;:&quot;889&quot;,&quot;price&quot;:400,&quot;stocklevel&quot;:null,&quot;stockstatus&quot;:&quot;instock&quot;,&quot;google_business_vertical&quot;:&quot;retail&quot;,&quot;item_category&quot;:&quot;Pam\\u00e1tky&quot;,&quot;id&quot;:1736,&quot;productlink&quot;:&quot;https:\\\/\\\/www.kinok.eu\\\/it\\\/produkt\\\/basilica-di-san-venceslao-stara-boleslav\\\/&quot;,&quot;item_list_name&quot;:&quot;General Product List&quot;,&quot;index&quot;:0,&quot;product_type&quot;:&quot;simple&quot;,&quot;item_brand&quot;:&quot;&quot;}\"><\/span>\n\t\t\t\t<a href=\"https:\/\/www.kinok.eu\/it\/produkt\/basilica-di-san-venceslao-stara-boleslav\/\" class=\"wc-block-grid__product-link\">\n\t\t\t\t\t\n\t\t\t\t\t<div class=\"wc-block-grid__product-image\"><img loading=\"lazy\" decoding=\"async\" width=\"300\" height=\"300\" src=\"https:\/\/cdn.kinok.eu\/wp-content\/uploads\/2025\/07\/Vaclav-karta-300x300.jpg\" class=\"attachment-woocommerce_thumbnail size-woocommerce_thumbnail\" alt=\"Schodi\u0161t\u011b baziliky svat\u00e9ho V\u00e1clava\" srcset=\"https:\/\/cdn.kinok.eu\/wp-content\/uploads\/2025\/07\/Vaclav-karta-300x300.jpg 300w, https:\/\/cdn.kinok.eu\/wp-content\/uploads\/2025\/07\/Vaclav-karta-100x100.jpg 100w, https:\/\/cdn.kinok.eu\/wp-content\/uploads\/2025\/07\/Vaclav-karta-150x150.jpg 150w\" sizes=\"auto, (max-width: 300px) 100vw, 300px\" \/><\/div>\n\t\t\t\t\t<div class=\"wc-block-grid__product-title\">Basilica di San Venceslao &#8211; Star\u00e1 Boleslav<\/div>\n\t\t\t\t<\/a>\n\t\t\t\t<div class=\"wc-block-grid__product-price price\"><div class=\"kk-price-foreign\" style=\"font-size:48px;line-height:1.1;font-weight:600\">16,81&nbsp;\u20ac<\/div><div class=\"kk-price-czk\" style=\"font-size:16px;line-height:1.3;opacity:0.8\">(<span class=\"woocommerce-Price-amount amount\">400&nbsp;<span class=\"woocommerce-Price-currencySymbol\">&#075;&#269;<\/span><\/span>)<\/div><\/div>\n\t\t\t\t\n\t\t\t\t<div class=\"wp-block-button wc-block-grid__product-add-to-cart\"><a href=\"\/it\/wp-json\/wp\/v2\/pages\/40?add-to-cart=1736\" aria-label=\"Aggiungi al carrello: &quot;Basilica di San Venceslao - Star\u00e1 Boleslav&quot;\" data-quantity=\"1\" data-product_id=\"1736\" data-product_sku=\"889\" data-price=\"400\" rel=\"nofollow\" class=\"wp-block-button__link  add_to_cart_button ajax_add_to_cart\">Aggiungi al carrello<\/a><\/div>\n\t\t\t<\/li><li class=\"wc-block-grid__product\"><span class=\"gtm4wp_productdata\" style=\"display:none; visibility:hidden;\" data-gtm4wp_product_data=\"{&quot;internal_id&quot;:1689,&quot;item_id&quot;:1689,&quot;item_name&quot;:&quot;Chiesa di Cristo Salvatore - Praga &lt;br&gt;&quot;,&quot;sku&quot;:&quot;887&quot;,&quot;price&quot;:200,&quot;stocklevel&quot;:null,&quot;stockstatus&quot;:&quot;instock&quot;,&quot;google_business_vertical&quot;:&quot;retail&quot;,&quot;item_category&quot;:&quot;Pam\\u00e1tky&quot;,&quot;id&quot;:1689,&quot;productlink&quot;:&quot;https:\\\/\\\/www.kinok.eu\\\/it\\\/produkt\\\/chiesa-di-cristo-salvatore-praga\\\/&quot;,&quot;item_list_name&quot;:&quot;General Product List&quot;,&quot;index&quot;:0,&quot;product_type&quot;:&quot;simple&quot;,&quot;item_brand&quot;:&quot;&quot;}\"><\/span>\n\t\t\t\t<a href=\"https:\/\/www.kinok.eu\/it\/produkt\/chiesa-di-cristo-salvatore-praga\/\" class=\"wc-block-grid__product-link\">\n\t\t\t\t\t\n\t\t\t\t\t<div class=\"wc-block-grid__product-image\"><img loading=\"lazy\" decoding=\"async\" width=\"300\" height=\"300\" src=\"https:\/\/cdn.kinok.eu\/wp-content\/uploads\/2025\/07\/kostel-Krista-spasitele-karta-2-300x300.jpg\" class=\"attachment-woocommerce_thumbnail size-woocommerce_thumbnail\" alt=\"Sklen\u011bn\u00fd k\u0159\u00ed\u017e v kostele Krista spasitele\" srcset=\"https:\/\/cdn.kinok.eu\/wp-content\/uploads\/2025\/07\/kostel-Krista-spasitele-karta-2-300x300.jpg 300w, https:\/\/cdn.kinok.eu\/wp-content\/uploads\/2025\/07\/kostel-Krista-spasitele-karta-2-100x100.jpg 100w, https:\/\/cdn.kinok.eu\/wp-content\/uploads\/2025\/07\/kostel-Krista-spasitele-karta-2-150x150.jpg 150w\" sizes=\"auto, (max-width: 300px) 100vw, 300px\" \/><\/div>\n\t\t\t\t\t<div class=\"wc-block-grid__product-title\">Chiesa di Cristo Salvatore &#8211; Praga <br><\/div>\n\t\t\t\t<\/a>\n\t\t\t\t<div class=\"wc-block-grid__product-price price\"><div class=\"kk-price-foreign\" style=\"font-size:48px;line-height:1.1;font-weight:600\">8,40&nbsp;\u20ac<\/div><div class=\"kk-price-czk\" style=\"font-size:16px;line-height:1.3;opacity:0.8\">(<span class=\"woocommerce-Price-amount amount\">200&nbsp;<span class=\"woocommerce-Price-currencySymbol\">&#075;&#269;<\/span><\/span>)<\/div><\/div>\n\t\t\t\t\n\t\t\t\t<div class=\"wp-block-button wc-block-grid__product-add-to-cart\"><a href=\"\/it\/wp-json\/wp\/v2\/pages\/40?add-to-cart=1689\" aria-label=\"Aggiungi al carrello: &quot;Chiesa di Cristo Salvatore - Praga &lt;br&gt;&quot;\" data-quantity=\"1\" data-product_id=\"1689\" data-product_sku=\"887\" data-price=\"200\" rel=\"nofollow\" class=\"wp-block-button__link  add_to_cart_button ajax_add_to_cart\">Aggiungi al carrello<\/a><\/div>\n\t\t\t<\/li><\/ul><\/div><\/div>\n<\/div>\n","protected":false},"excerpt":{"rendered":"","protected":false},"author":1,"featured_media":0,"parent":0,"menu_order":0,"comment_status":"closed","ping_status":"closed","template":"","meta":{"_acf_changed":false,"footnotes":""},"class_list":["post-40","page","type-page","status-publish","hentry"],"acf":[],"_links":{"self":[{"href":"https:\/\/www.kinok.eu\/it\/wp-json\/wp\/v2\/pages\/40","targetHints":{"allow":["GET"]}}],"collection":[{"href":"https:\/\/www.kinok.eu\/it\/wp-json\/wp\/v2\/pages"}],"about":[{"href":"https:\/\/www.kinok.eu\/it\/wp-json\/wp\/v2\/types\/page"}],"author":[{"embeddable":true,"href":"https:\/\/www.kinok.eu\/it\/wp-json\/wp\/v2\/users\/1"}],"replies":[{"embeddable":true,"href":"https:\/\/www.kinok.eu\/it\/wp-json\/wp\/v2\/comments?post=40"}],"version-history":[{"count":6,"href":"https:\/\/www.kinok.eu\/it\/wp-json\/wp\/v2\/pages\/40\/revisions"}],"predecessor-version":[{"id":5447,"href":"https:\/\/www.kinok.eu\/it\/wp-json\/wp\/v2\/pages\/40\/revisions\/5447"}],"wp:attachment":[{"href":"https:\/\/www.kinok.eu\/it\/wp-json\/wp\/v2\/media?parent=40"}],"curies":[{"name":"wp","href":"https:\/\/api.w.org\/{rel}","templated":true}]}}