{"id":44,"date":"2025-07-08T00:21:14","date_gmt":"2025-07-07T22:21:14","guid":{"rendered":"https:\/\/www.kinok.eu\/%e3%81%8a%e8%b2%b7%e3%81%84%e7%89%a9%e3%82%ab%e3%82%b4\/"},"modified":"2025-12-15T15:46:35","modified_gmt":"2025-12-15T14:46:35","slug":"cart","status":"publish","type":"page","link":"https:\/\/www.kinok.eu\/ja\/cart\/","title":{"rendered":"\u30ab\u30fc\u30c8"},"content":{"rendered":"\n<div data-block-name=\"woocommerce\/cart\" class=\"wp-block-woocommerce-cart is-loading\">\n<div data-block-name=\"woocommerce\/filled-cart-block\" class=\"wp-block-woocommerce-filled-cart-block\">\n<div data-block-name=\"woocommerce\/cart-items-block\" class=\"wp-block-woocommerce-cart-items-block\">\n<div data-block-name=\"woocommerce\/cart-line-items-block\" class=\"wp-block-woocommerce-cart-line-items-block\"><\/div>\n\n\n\n<div data-block-name=\"woocommerce\/cart-cross-sells-block\" class=\"wp-block-woocommerce-cart-cross-sells-block\">\n<h2 class=\"wp-block-heading has-large-font-size\">\u3042\u306a\u305f\u304c\u597d\u304d\u304b\u3082\u3057\u308c\u307e\u305b\u3093&#8230;<\/h2>\n\n\n\n<div data-block-name=\"woocommerce\/cart-cross-sells-products-block\" class=\"wp-block-woocommerce-cart-cross-sells-products-block\"><\/div>\n<\/div>\n<\/div>\n\n\n\n<div data-block-name=\"woocommerce\/cart-totals-block\" class=\"wp-block-woocommerce-cart-totals-block\">\n<div data-block-name=\"woocommerce\/cart-order-summary-block\" class=\"wp-block-woocommerce-cart-order-summary-block\">\n<div data-block-name=\"woocommerce\/cart-order-summary-heading-block\" data-content=\"Celkem k platb\u011b\" class=\"wp-block-woocommerce-cart-order-summary-heading-block\"><\/div>\n\n\n\n<div data-block-name=\"woocommerce\/cart-order-summary-coupon-form-block\" class=\"wp-block-woocommerce-cart-order-summary-coupon-form-block\"><\/div>\n\n\n\n<div data-block-name=\"woocommerce\/cart-order-summary-totals-block\" class=\"wp-block-woocommerce-cart-order-summary-totals-block\">\n<div data-block-name=\"woocommerce\/cart-order-summary-subtotal-block\" class=\"wp-block-woocommerce-cart-order-summary-subtotal-block\"><\/div>\n\n\n\n<div data-block-name=\"woocommerce\/cart-order-summary-fee-block\" class=\"wp-block-woocommerce-cart-order-summary-fee-block\"><\/div>\n\n\n\n<div data-block-name=\"woocommerce\/cart-order-summary-discount-block\" class=\"wp-block-woocommerce-cart-order-summary-discount-block\"><\/div>\n\n\n\n<div data-block-name=\"woocommerce\/cart-order-summary-shipping-block\" class=\"wp-block-woocommerce-cart-order-summary-shipping-block\"><\/div>\n\n\n\n<div data-block-name=\"woocommerce\/cart-order-summary-taxes-block\" class=\"wp-block-woocommerce-cart-order-summary-taxes-block\"><\/div>\n<\/div>\n<\/div>\n\n\n\n<div data-block-name=\"woocommerce\/cart-express-payment-block\" class=\"wp-block-woocommerce-cart-express-payment-block\"><\/div>\n\n\n\n<div data-block-name=\"woocommerce\/proceed-to-checkout-block\" class=\"wp-block-woocommerce-proceed-to-checkout-block\"><\/div>\n\n\n\n<div data-block-name=\"woocommerce\/cart-accepted-payment-methods-block\" class=\"wp-block-woocommerce-cart-accepted-payment-methods-block\"><\/div>\n<\/div>\n<\/div>\n\n\n\n<div data-block-name=\"woocommerce\/empty-cart-block\" class=\"wp-block-woocommerce-empty-cart-block\">\n<h2 class=\"wp-block-heading has-text-align-center with-empty-cart-icon wc-block-cart__empty-cart__title\">\u73fe\u5728\u3001\u30ab\u30fc\u30c8\u306f\u7a7a\u3067\u3059\uff01<\/h2>\n\n\n\n<hr class=\"wp-block-separator has-alpha-channel-opacity is-style-dots\"\/>\n\n\n\n<h2 class=\"wp-block-heading has-text-align-center\">\u65b0\u7740<\/h2>\n\n\n<div data-block-name=\"woocommerce\/product-new\" data-columns=\"4\" data-rows=\"1\" class=\"wc-block-grid wp-block-product-new wp-block-woocommerce-product-new wc-block-product-new has-4-columns\"><ul class=\"wc-block-grid__products\"><li class=\"wc-block-grid__product\"><span class=\"gtm4wp_productdata\" style=\"display:none; visibility:hidden;\" data-gtm4wp_product_data=\"{&quot;internal_id&quot;:1172,&quot;item_id&quot;:1172,&quot;item_name&quot;:&quot;\\u30d7\\u30e9\\u30cf\\u5927\\u53f8\\u6559\\u5bae\\u6bbf&quot;,&quot;sku&quot;:&quot;1163&quot;,&quot;price&quot;:260,&quot;stocklevel&quot;:null,&quot;stockstatus&quot;:&quot;instock&quot;,&quot;google_business_vertical&quot;:&quot;retail&quot;,&quot;item_category&quot;:&quot;Pam\\u00e1tky&quot;,&quot;id&quot;:1172,&quot;productlink&quot;:&quot;https:\\\/\\\/www.kinok.eu\\\/ja\\\/produkt\\\/%e3%83%97%e3%83%a9%e3%83%8f%e5%a4%a7%e5%8f%b8%e6%95%99%e5%ae%ae%e6%ae%bf\\\/&quot;,&quot;item_list_name&quot;:&quot;\\u4e00\\u822c\\u5546\\u54c1\\u30ea\\u30b9\\u30c8&quot;,&quot;index&quot;:0,&quot;product_type&quot;:&quot;simple&quot;,&quot;item_brand&quot;:&quot;&quot;}\"><\/span>\n\t\t\t\t<a href=\"https:\/\/www.kinok.eu\/ja\/produkt\/%e3%83%97%e3%83%a9%e3%83%8f%e5%a4%a7%e5%8f%b8%e6%95%99%e5%ae%ae%e6%ae%bf\/\" class=\"wc-block-grid__product-link\">\n\t\t\t\t\t\n\t\t\t\t\t<div class=\"wc-block-grid__product-image\"><img loading=\"lazy\" decoding=\"async\" width=\"300\" height=\"300\" src=\"https:\/\/cdn.kinok.eu\/wp-content\/uploads\/2025\/07\/ap-karta-300x300.jpg\" class=\"attachment-woocommerce_thumbnail size-woocommerce_thumbnail\" alt=\"Kapal\" srcset=\"https:\/\/cdn.kinok.eu\/wp-content\/uploads\/2025\/07\/ap-karta-300x300.jpg 300w, https:\/\/cdn.kinok.eu\/wp-content\/uploads\/2025\/07\/ap-karta-100x100.jpg 100w, https:\/\/cdn.kinok.eu\/wp-content\/uploads\/2025\/07\/ap-karta-150x150.jpg 150w\" sizes=\"auto, (max-width: 300px) 100vw, 300px\" \/><\/div>\n\t\t\t\t\t<div class=\"wc-block-grid__product-title\">\u30d7\u30e9\u30cf\u5927\u53f8\u6559\u5bae\u6bbf<\/div>\n\t\t\t\t<\/a>\n\t\t\t\t<div class=\"wc-block-grid__product-price price\"><div class=\"kk-price-foreign\" style=\"font-size:48px;line-height:1.1;font-weight:600\">13.00&nbsp;$<\/div><div class=\"kk-price-czk\" style=\"font-size:16px;line-height:1.3;opacity:0.8\">(<span class=\"woocommerce-Price-amount amount\">260&nbsp;<span class=\"woocommerce-Price-currencySymbol\">&#075;&#269;<\/span><\/span>)<\/div><\/div>\n\t\t\t\t\n\t\t\t\t<div class=\"wp-block-button wc-block-grid__product-add-to-cart\"><a href=\"\/ja\/wp-json\/wp\/v2\/pages\/44?add-to-cart=1172\" aria-label=\"\u304a\u8cb7\u3044\u7269\u30ab\u30b4\u306b\u8ffd\u52a0: \u300c\u30d7\u30e9\u30cf\u5927\u53f8\u6559\u5bae\u6bbf\u300d\" data-quantity=\"1\" data-product_id=\"1172\" data-product_sku=\"1163\" data-price=\"260\" rel=\"nofollow\" class=\"wp-block-button__link  add_to_cart_button ajax_add_to_cart\">\u304a\u8cb7\u3044\u7269\u30ab\u30b4\u306b\u8ffd\u52a0<\/a><\/div>\n\t\t\t<\/li><li class=\"wc-block-grid__product\"><span class=\"gtm4wp_productdata\" style=\"display:none; visibility:hidden;\" data-gtm4wp_product_data=\"{&quot;internal_id&quot;:1763,&quot;item_id&quot;:1763,&quot;item_name&quot;:&quot;\\u8056\\u6bcd\\u30de\\u30ea\\u30a2\\u88ab\\u6607\\u5929\\u5927\\u8056\\u5802 - Star\\u00e1 Boleslav&quot;,&quot;sku&quot;:&quot;891&quot;,&quot;price&quot;:400,&quot;stocklevel&quot;:null,&quot;stockstatus&quot;:&quot;instock&quot;,&quot;google_business_vertical&quot;:&quot;retail&quot;,&quot;item_category&quot;:&quot;Pam\\u00e1tky&quot;,&quot;id&quot;:1763,&quot;productlink&quot;:&quot;https:\\\/\\\/www.kinok.eu\\\/ja\\\/produkt\\\/%e8%81%96%e6%af%8d%e3%83%9e%e3%83%aa%e3%82%a2%e8%a2%ab%e6%98%87%e5%a4%a9%e5%a4%a7%e8%81%96%e5%a0%82-stara-boleslav\\\/&quot;,&quot;item_list_name&quot;:&quot;\\u4e00\\u822c\\u5546\\u54c1\\u30ea\\u30b9\\u30c8&quot;,&quot;index&quot;:0,&quot;product_type&quot;:&quot;simple&quot;,&quot;item_brand&quot;:&quot;&quot;}\"><\/span>\n\t\t\t\t<a href=\"https:\/\/www.kinok.eu\/ja\/produkt\/%e8%81%96%e6%af%8d%e3%83%9e%e3%83%aa%e3%82%a2%e8%a2%ab%e6%98%87%e5%a4%a9%e5%a4%a7%e8%81%96%e5%a0%82-stara-boleslav\/\" class=\"wc-block-grid__product-link\">\n\t\t\t\t\t\n\t\t\t\t\t<div class=\"wc-block-grid__product-image\"><img loading=\"lazy\" decoding=\"async\" width=\"300\" height=\"300\" src=\"https:\/\/cdn.kinok.eu\/wp-content\/uploads\/2025\/07\/marie-karta-300x300.jpg\" class=\"attachment-woocommerce_thumbnail size-woocommerce_thumbnail\" alt=\"Interi\u00e9r bazilika Nanebevzet\u00ed panny Marie\" srcset=\"https:\/\/cdn.kinok.eu\/wp-content\/uploads\/2025\/07\/marie-karta-300x300.jpg 300w, https:\/\/cdn.kinok.eu\/wp-content\/uploads\/2025\/07\/marie-karta-100x100.jpg 100w, https:\/\/cdn.kinok.eu\/wp-content\/uploads\/2025\/07\/marie-karta-150x150.jpg 150w\" sizes=\"auto, (max-width: 300px) 100vw, 300px\" \/><\/div>\n\t\t\t\t\t<div class=\"wc-block-grid__product-title\">\u8056\u6bcd\u30de\u30ea\u30a2\u88ab\u6607\u5929\u5927\u8056\u5802 &#8211; Star\u00e1 Boleslav<\/div>\n\t\t\t\t<\/a>\n\t\t\t\t<div class=\"wc-block-grid__product-price price\"><div class=\"kk-price-foreign\" style=\"font-size:48px;line-height:1.1;font-weight:600\">20.00&nbsp;$<\/div><div class=\"kk-price-czk\" style=\"font-size:16px;line-height:1.3;opacity:0.8\">(<span class=\"woocommerce-Price-amount amount\">400&nbsp;<span class=\"woocommerce-Price-currencySymbol\">&#075;&#269;<\/span><\/span>)<\/div><\/div>\n\t\t\t\t\n\t\t\t\t<div class=\"wp-block-button wc-block-grid__product-add-to-cart\"><a href=\"\/ja\/wp-json\/wp\/v2\/pages\/44?add-to-cart=1763\" aria-label=\"\u304a\u8cb7\u3044\u7269\u30ab\u30b4\u306b\u8ffd\u52a0: \u300c\u8056\u6bcd\u30de\u30ea\u30a2\u88ab\u6607\u5929\u5927\u8056\u5802 - Star\u00e1 Boleslav\u300d\" data-quantity=\"1\" data-product_id=\"1763\" data-product_sku=\"891\" data-price=\"400\" rel=\"nofollow\" class=\"wp-block-button__link  add_to_cart_button ajax_add_to_cart\">\u304a\u8cb7\u3044\u7269\u30ab\u30b4\u306b\u8ffd\u52a0<\/a><\/div>\n\t\t\t<\/li><li class=\"wc-block-grid__product\"><span class=\"gtm4wp_productdata\" style=\"display:none; visibility:hidden;\" data-gtm4wp_product_data=\"{&quot;internal_id&quot;:1735,&quot;item_id&quot;:1735,&quot;item_name&quot;:&quot;\\u30d0\\u30fc\\u30c4\\u30e9\\u30d5\\u8056\\u5802 \\uff0d \\u30b9\\u30bf\\u30fc\\u30e9\\u30fb\\u30dc\\u30ec\\u30b9\\u30e9\\u30d5&quot;,&quot;sku&quot;:&quot;889&quot;,&quot;price&quot;:400,&quot;stocklevel&quot;:null,&quot;stockstatus&quot;:&quot;instock&quot;,&quot;google_business_vertical&quot;:&quot;retail&quot;,&quot;item_category&quot;:&quot;Pam\\u00e1tky&quot;,&quot;id&quot;:1735,&quot;productlink&quot;:&quot;https:\\\/\\\/www.kinok.eu\\\/ja\\\/produkt\\\/%e3%83%90%e3%83%bc%e3%83%84%e3%83%a9%e3%83%95%e8%81%96%e5%a0%82-%ef%bc%8d-%e3%82%b9%e3%82%bf%e3%83%bc%e3%83%a9%e3%83%bb%e3%83%9c%e3%83%ac%e3%82%b9%e3%83%a9%e3%83%95\\\/&quot;,&quot;item_list_name&quot;:&quot;\\u4e00\\u822c\\u5546\\u54c1\\u30ea\\u30b9\\u30c8&quot;,&quot;index&quot;:0,&quot;product_type&quot;:&quot;simple&quot;,&quot;item_brand&quot;:&quot;&quot;}\"><\/span>\n\t\t\t\t<a href=\"https:\/\/www.kinok.eu\/ja\/produkt\/%e3%83%90%e3%83%bc%e3%83%84%e3%83%a9%e3%83%95%e8%81%96%e5%a0%82-%ef%bc%8d-%e3%82%b9%e3%82%bf%e3%83%bc%e3%83%a9%e3%83%bb%e3%83%9c%e3%83%ac%e3%82%b9%e3%83%a9%e3%83%95\/\" class=\"wc-block-grid__product-link\">\n\t\t\t\t\t\n\t\t\t\t\t<div class=\"wc-block-grid__product-image\"><img loading=\"lazy\" decoding=\"async\" width=\"300\" height=\"300\" src=\"https:\/\/cdn.kinok.eu\/wp-content\/uploads\/2025\/07\/Vaclav-karta-300x300.jpg\" class=\"attachment-woocommerce_thumbnail size-woocommerce_thumbnail\" alt=\"Schodi\u0161t\u011b baziliky svat\u00e9ho V\u00e1clava\" srcset=\"https:\/\/cdn.kinok.eu\/wp-content\/uploads\/2025\/07\/Vaclav-karta-300x300.jpg 300w, https:\/\/cdn.kinok.eu\/wp-content\/uploads\/2025\/07\/Vaclav-karta-100x100.jpg 100w, https:\/\/cdn.kinok.eu\/wp-content\/uploads\/2025\/07\/Vaclav-karta-150x150.jpg 150w\" sizes=\"auto, (max-width: 300px) 100vw, 300px\" \/><\/div>\n\t\t\t\t\t<div class=\"wc-block-grid__product-title\">\u30d0\u30fc\u30c4\u30e9\u30d5\u8056\u5802 \uff0d \u30b9\u30bf\u30fc\u30e9\u30fb\u30dc\u30ec\u30b9\u30e9\u30d5<\/div>\n\t\t\t\t<\/a>\n\t\t\t\t<div class=\"wc-block-grid__product-price price\"><div class=\"kk-price-foreign\" style=\"font-size:48px;line-height:1.1;font-weight:600\">20.00&nbsp;$<\/div><div class=\"kk-price-czk\" style=\"font-size:16px;line-height:1.3;opacity:0.8\">(<span class=\"woocommerce-Price-amount amount\">400&nbsp;<span class=\"woocommerce-Price-currencySymbol\">&#075;&#269;<\/span><\/span>)<\/div><\/div>\n\t\t\t\t\n\t\t\t\t<div class=\"wp-block-button wc-block-grid__product-add-to-cart\"><a href=\"\/ja\/wp-json\/wp\/v2\/pages\/44?add-to-cart=1735\" aria-label=\"\u304a\u8cb7\u3044\u7269\u30ab\u30b4\u306b\u8ffd\u52a0: \u300c\u30d0\u30fc\u30c4\u30e9\u30d5\u8056\u5802 \uff0d \u30b9\u30bf\u30fc\u30e9\u30fb\u30dc\u30ec\u30b9\u30e9\u30d5\u300d\" data-quantity=\"1\" data-product_id=\"1735\" data-product_sku=\"889\" data-price=\"400\" rel=\"nofollow\" class=\"wp-block-button__link  add_to_cart_button ajax_add_to_cart\">\u304a\u8cb7\u3044\u7269\u30ab\u30b4\u306b\u8ffd\u52a0<\/a><\/div>\n\t\t\t<\/li><li class=\"wc-block-grid__product\"><span class=\"gtm4wp_productdata\" style=\"display:none; visibility:hidden;\" data-gtm4wp_product_data=\"{&quot;internal_id&quot;:1688,&quot;item_id&quot;:1688,&quot;item_name&quot;:&quot;\\u30ad\\u30ea\\u30b9\\u30c8\\u6551\\u4e16\\u4e3b\\u6559\\u4f1a - \\u30d7\\u30e9\\u30cf&quot;,&quot;sku&quot;:&quot;887&quot;,&quot;price&quot;:200,&quot;stocklevel&quot;:null,&quot;stockstatus&quot;:&quot;instock&quot;,&quot;google_business_vertical&quot;:&quot;retail&quot;,&quot;item_category&quot;:&quot;Pam\\u00e1tky&quot;,&quot;id&quot;:1688,&quot;productlink&quot;:&quot;https:\\\/\\\/www.kinok.eu\\\/ja\\\/produkt\\\/%e3%82%ad%e3%83%aa%e3%82%b9%e3%83%88%e6%95%91%e4%b8%96%e4%b8%bb%e6%95%99%e4%bc%9a-%e3%83%97%e3%83%a9%e3%83%8f\\\/&quot;,&quot;item_list_name&quot;:&quot;\\u4e00\\u822c\\u5546\\u54c1\\u30ea\\u30b9\\u30c8&quot;,&quot;index&quot;:0,&quot;product_type&quot;:&quot;simple&quot;,&quot;item_brand&quot;:&quot;&quot;}\"><\/span>\n\t\t\t\t<a href=\"https:\/\/www.kinok.eu\/ja\/produkt\/%e3%82%ad%e3%83%aa%e3%82%b9%e3%83%88%e6%95%91%e4%b8%96%e4%b8%bb%e6%95%99%e4%bc%9a-%e3%83%97%e3%83%a9%e3%83%8f\/\" class=\"wc-block-grid__product-link\">\n\t\t\t\t\t\n\t\t\t\t\t<div class=\"wc-block-grid__product-image\"><img loading=\"lazy\" decoding=\"async\" width=\"300\" height=\"300\" src=\"https:\/\/cdn.kinok.eu\/wp-content\/uploads\/2025\/07\/kostel-Krista-spasitele-karta-2-300x300.jpg\" class=\"attachment-woocommerce_thumbnail size-woocommerce_thumbnail\" alt=\"Sklen\u011bn\u00fd k\u0159\u00ed\u017e v kostele Krista spasitele\" srcset=\"https:\/\/cdn.kinok.eu\/wp-content\/uploads\/2025\/07\/kostel-Krista-spasitele-karta-2-300x300.jpg 300w, https:\/\/cdn.kinok.eu\/wp-content\/uploads\/2025\/07\/kostel-Krista-spasitele-karta-2-100x100.jpg 100w, https:\/\/cdn.kinok.eu\/wp-content\/uploads\/2025\/07\/kostel-Krista-spasitele-karta-2-150x150.jpg 150w\" sizes=\"auto, (max-width: 300px) 100vw, 300px\" \/><\/div>\n\t\t\t\t\t<div class=\"wc-block-grid__product-title\">\u30ad\u30ea\u30b9\u30c8\u6551\u4e16\u4e3b\u6559\u4f1a &#8211; \u30d7\u30e9\u30cf<\/div>\n\t\t\t\t<\/a>\n\t\t\t\t<div class=\"wc-block-grid__product-price price\"><div class=\"kk-price-foreign\" style=\"font-size:48px;line-height:1.1;font-weight:600\">10.00&nbsp;$<\/div><div class=\"kk-price-czk\" style=\"font-size:16px;line-height:1.3;opacity:0.8\">(<span class=\"woocommerce-Price-amount amount\">200&nbsp;<span class=\"woocommerce-Price-currencySymbol\">&#075;&#269;<\/span><\/span>)<\/div><\/div>\n\t\t\t\t\n\t\t\t\t<div class=\"wp-block-button wc-block-grid__product-add-to-cart\"><a href=\"\/ja\/wp-json\/wp\/v2\/pages\/44?add-to-cart=1688\" aria-label=\"\u304a\u8cb7\u3044\u7269\u30ab\u30b4\u306b\u8ffd\u52a0: \u300c\u30ad\u30ea\u30b9\u30c8\u6551\u4e16\u4e3b\u6559\u4f1a - \u30d7\u30e9\u30cf\u300d\" data-quantity=\"1\" data-product_id=\"1688\" data-product_sku=\"887\" data-price=\"200\" rel=\"nofollow\" class=\"wp-block-button__link  add_to_cart_button ajax_add_to_cart\">\u304a\u8cb7\u3044\u7269\u30ab\u30b4\u306b\u8ffd\u52a0<\/a><\/div>\n\t\t\t<\/li><\/ul><\/div><\/div>\n<\/div>\n","protected":false},"excerpt":{"rendered":"","protected":false},"author":1,"featured_media":0,"parent":0,"menu_order":0,"comment_status":"closed","ping_status":"closed","template":"","meta":{"_acf_changed":false,"footnotes":""},"class_list":["post-44","page","type-page","status-publish","hentry"],"acf":[],"_links":{"self":[{"href":"https:\/\/www.kinok.eu\/ja\/wp-json\/wp\/v2\/pages\/44","targetHints":{"allow":["GET"]}}],"collection":[{"href":"https:\/\/www.kinok.eu\/ja\/wp-json\/wp\/v2\/pages"}],"about":[{"href":"https:\/\/www.kinok.eu\/ja\/wp-json\/wp\/v2\/types\/page"}],"author":[{"embeddable":true,"href":"https:\/\/www.kinok.eu\/ja\/wp-json\/wp\/v2\/users\/1"}],"replies":[{"embeddable":true,"href":"https:\/\/www.kinok.eu\/ja\/wp-json\/wp\/v2\/comments?post=44"}],"version-history":[{"count":6,"href":"https:\/\/www.kinok.eu\/ja\/wp-json\/wp\/v2\/pages\/44\/revisions"}],"predecessor-version":[{"id":5453,"href":"https:\/\/www.kinok.eu\/ja\/wp-json\/wp\/v2\/pages\/44\/revisions\/5453"}],"wp:attachment":[{"href":"https:\/\/www.kinok.eu\/ja\/wp-json\/wp\/v2\/media?parent=44"}],"curies":[{"name":"wp","href":"https:\/\/api.w.org\/{rel}","templated":true}]}}