{"id":2066,"date":"2025-07-14T13:30:57","date_gmt":"2025-07-14T11:30:57","guid":{"rendered":"https:\/\/www.kinok.eu\/imprint\/"},"modified":"2025-07-15T19:10:55","modified_gmt":"2025-07-15T17:10:55","slug":"imprint","status":"publish","type":"page","link":"https:\/\/www.kinok.eu\/pl\/imprint\/","title":{"rendered":"Imprint"},"content":{"rendered":"\n<!-- Legal document generated by Complianz | GDPR\/CCPA Cookie Consent https:\/\/wordpress.org\/plugins\/complianz-gdpr -->\n<div id=\"cmplz-document\" class=\"cmplz-document impressum cmplz-document-all\"><p><i>Ten odcisk zosta\u0142 zaktualizowany 24. 9. 2025.<\/i><\/p><p class=\"cmplz-subtitle\">W\u0142a\u015bcicielem tej witryny jest:<\/p><p>KinoK s.r.o. <br>Jana Weisse 1204, 514 01 Jilemnice<br>Czechy<br>Email:&nbsp;<span class=\"cmplz-obfuscate\">supp&#111;&#114;t@<span class=\"cmplz-fmail-domain\">&#101;x&#046;&#099;&#111;&#109;<\/span>&#107;in&#111;k&#046;e&#117;<\/span><br><br><\/p><p class=\"cmplz-subtitle\">Przedstawiciel prawny (przedstawiciele) KinoK s.r.o. :<\/p><p>Richard Farbar<\/p><h2>1. Og\u00f3lne<\/h2><p class=\"cmplz-subtitle\">1.1 Jeste\u015bmy zarejestrowani w veden\u00e1 u Krajsk\u00e9ho soudu v Hradci Kr\u00e1lov\u00e9 pod spis. zn. C 51239. na podstawie licencji lub numeru rejestracyjnego:<\/p><p>I\u010c: 19337574<\/p><p>Jeste\u015bmy gotowi lub zobowi\u0105zani do uczestniczenia w procedurach rozstrzygania spor\u00f3w przed konsumenck\u0105 rad\u0105 arbitra\u017cow\u0105.<\/p><h2>2. Nast\u0119puj\u0105ce informacje s\u0105 wymagane wed\u0142ug niemieckiego prawa.<\/h2><p class=\"cmplz-subtitle\">2.1 Die Eigentumsanteile der Gesellschaft (Aktienkapital), die von ihr ausgegeben wurden:<\/p><p>100 000 K\u010d<\/p><\/div>","protected":false},"excerpt":{"rendered":"","protected":false},"author":1,"featured_media":0,"parent":0,"menu_order":0,"comment_status":"closed","ping_status":"closed","template":"","meta":{"_acf_changed":false,"footnotes":""},"class_list":["post-2066","page","type-page","status-publish","hentry"],"acf":[],"_links":{"self":[{"href":"https:\/\/www.kinok.eu\/pl\/wp-json\/wp\/v2\/pages\/2066","targetHints":{"allow":["GET"]}}],"collection":[{"href":"https:\/\/www.kinok.eu\/pl\/wp-json\/wp\/v2\/pages"}],"about":[{"href":"https:\/\/www.kinok.eu\/pl\/wp-json\/wp\/v2\/types\/page"}],"author":[{"embeddable":true,"href":"https:\/\/www.kinok.eu\/pl\/wp-json\/wp\/v2\/users\/1"}],"replies":[{"embeddable":true,"href":"https:\/\/www.kinok.eu\/pl\/wp-json\/wp\/v2\/comments?post=2066"}],"version-history":[{"count":0,"href":"https:\/\/www.kinok.eu\/pl\/wp-json\/wp\/v2\/pages\/2066\/revisions"}],"wp:attachment":[{"href":"https:\/\/www.kinok.eu\/pl\/wp-json\/wp\/v2\/media?parent=2066"}],"curies":[{"name":"wp","href":"https:\/\/api.w.org\/{rel}","templated":true}]}}