{"id":1227,"date":"2025-07-08T22:30:32","date_gmt":"2025-07-08T20:30:32","guid":{"rendered":"https:\/\/www.kinok.eu\/produkt\/kosciol-najswietszego-serca-pana-jezusa-w-pradze\/"},"modified":"2026-03-30T17:10:44","modified_gmt":"2026-03-30T15:10:44","slug":"kosciol-najswietszego-serca-pana-jezusa-w-pradze","status":"publish","type":"product","link":"https:\/\/www.kinok.eu\/pl\/produkt\/kosciol-najswietszego-serca-pana-jezusa-w-pradze\/","title":{"rendered":"Ko\u015bci\u00f3\u0142 Naj\u015bwi\u0119tszego Serca Pana Jezusa w Pradze"},"content":{"rendered":"","protected":false},"excerpt":{"rendered":"","protected":false},"featured_media":735,"comment_status":"open","ping_status":"closed","template":"","meta":{"_acf_changed":false},"product_brand":[],"product_cat":[100],"product_tag":[],"class_list":{"0":"post-1227","1":"product","2":"type-product","3":"status-publish","4":"has-post-thumbnail","6":"product_cat-pamatky-pl","8":"first","9":"instock","10":"virtual","11":"sold-individually","12":"purchasable","13":"product-type-simple"},"acf":[],"_links":{"self":[{"href":"https:\/\/www.kinok.eu\/pl\/wp-json\/wp\/v2\/product\/1227","targetHints":{"allow":["GET"]}}],"collection":[{"href":"https:\/\/www.kinok.eu\/pl\/wp-json\/wp\/v2\/product"}],"about":[{"href":"https:\/\/www.kinok.eu\/pl\/wp-json\/wp\/v2\/types\/product"}],"replies":[{"embeddable":true,"href":"https:\/\/www.kinok.eu\/pl\/wp-json\/wp\/v2\/comments?post=1227"}],"version-history":[{"count":28,"href":"https:\/\/www.kinok.eu\/pl\/wp-json\/wp\/v2\/product\/1227\/revisions"}],"predecessor-version":[{"id":8349,"href":"https:\/\/www.kinok.eu\/pl\/wp-json\/wp\/v2\/product\/1227\/revisions\/8349"}],"wp:featuredmedia":[{"embeddable":true,"href":"https:\/\/www.kinok.eu\/pl\/wp-json\/wp\/v2\/media\/735"}],"wp:attachment":[{"href":"https:\/\/www.kinok.eu\/pl\/wp-json\/wp\/v2\/media?parent=1227"}],"wp:term":[{"taxonomy":"product_brand","embeddable":true,"href":"https:\/\/www.kinok.eu\/pl\/wp-json\/wp\/v2\/product_brand?post=1227"},{"taxonomy":"product_cat","embeddable":true,"href":"https:\/\/www.kinok.eu\/pl\/wp-json\/wp\/v2\/product_cat?post=1227"},{"taxonomy":"product_tag","embeddable":true,"href":"https:\/\/www.kinok.eu\/pl\/wp-json\/wp\/v2\/product_tag?post=1227"}],"curies":[{"name":"wp","href":"https:\/\/api.w.org\/{rel}","templated":true}]}}