{"id":2064,"date":"2025-07-14T13:30:57","date_gmt":"2025-07-14T11:30:57","guid":{"rendered":"https:\/\/www.kinok.eu\/imprint\/"},"modified":"2025-07-15T19:10:55","modified_gmt":"2025-07-15T17:10:55","slug":"imprint","status":"publish","type":"page","link":"https:\/\/www.kinok.eu\/pt-pt\/imprint\/","title":{"rendered":"Imprint"},"content":{"rendered":"\n<!-- Legal document generated by Complianz | GDPR\/CCPA Cookie Consent https:\/\/wordpress.org\/plugins\/complianz-gdpr -->\n<div id=\"cmplz-document\" class=\"cmplz-document impressum cmplz-document-all\"><p><i>Este imprint foi atualizado pela \u00faltima vez em 24. 9. 2025.<\/i><\/p><p class=\"cmplz-subtitle\">O propriet\u00e1rio deste site \u00e9:<\/p><p>KinoK s.r.o. <br>Jana Weisse 1204, 514 01 Jilemnice<br>Rep\u00fablica Checa<br>E-mail:&nbsp;<span class=\"cmplz-obfuscate\">s&#117;ppor&#116;@<span class=\"cmplz-fmail-domain\">e&#120;.&#099;&#111;&#109;<\/span>k&#105;&#110;o&#107;&#046;&#101;&#117;<\/span><br><br><\/p><p class=\"cmplz-subtitle\">O(s) representante(s) legal(is) de KinoK s.r.o. :<\/p><p>Richard Farbar<\/p><h2>1. Geral<\/h2><p class=\"cmplz-subtitle\">1.1 Estamos registados em veden\u00e1 u Krajsk\u00e9ho soudu v Hradci Kr\u00e1lov\u00e9 pod spis. zn. C 51239. sob a licen\u00e7a ou n\u00famero de registo:<\/p><p>I\u010c: 19337574<\/p><p>Estamos dispostos ou somos obrigados a participar de procedimentos de resolu\u00e7\u00e3o de disputas perante um conselho de arbitragem de consumidores.<\/p><h2>2. As seguintes informa\u00e7\u00f5es a s\u00e3o obrigat\u00f3rias de acordo com a lei alem\u00e3.<\/h2><p class=\"cmplz-subtitle\">2.1 Die Eigentumsanteile der Gesellschaft (Aktienkapital), die von ihr ausgegeben wurden:<\/p><p>100 000 K\u010d<\/p><\/div>","protected":false},"excerpt":{"rendered":"","protected":false},"author":1,"featured_media":0,"parent":0,"menu_order":0,"comment_status":"closed","ping_status":"closed","template":"","meta":{"_acf_changed":false,"footnotes":""},"class_list":["post-2064","page","type-page","status-publish","hentry"],"acf":[],"_links":{"self":[{"href":"https:\/\/www.kinok.eu\/pt-pt\/wp-json\/wp\/v2\/pages\/2064","targetHints":{"allow":["GET"]}}],"collection":[{"href":"https:\/\/www.kinok.eu\/pt-pt\/wp-json\/wp\/v2\/pages"}],"about":[{"href":"https:\/\/www.kinok.eu\/pt-pt\/wp-json\/wp\/v2\/types\/page"}],"author":[{"embeddable":true,"href":"https:\/\/www.kinok.eu\/pt-pt\/wp-json\/wp\/v2\/users\/1"}],"replies":[{"embeddable":true,"href":"https:\/\/www.kinok.eu\/pt-pt\/wp-json\/wp\/v2\/comments?post=2064"}],"version-history":[{"count":0,"href":"https:\/\/www.kinok.eu\/pt-pt\/wp-json\/wp\/v2\/pages\/2064\/revisions"}],"wp:attachment":[{"href":"https:\/\/www.kinok.eu\/pt-pt\/wp-json\/wp\/v2\/media?parent=2064"}],"curies":[{"name":"wp","href":"https:\/\/api.w.org\/{rel}","templated":true}]}}