{"id":1738,"date":"2025-07-08T22:31:43","date_gmt":"2025-07-08T20:31:43","guid":{"rendered":"https:\/\/www.kinok.eu\/produkt\/basilica-de-sao-venceslau-stara-boleslav\/"},"modified":"2025-08-03T18:16:05","modified_gmt":"2025-08-03T16:16:05","slug":"basilica-de-sao-venceslau-stara-boleslav","status":"publish","type":"product","link":"https:\/\/www.kinok.eu\/pt-pt\/produkt\/basilica-de-sao-venceslau-stara-boleslav\/","title":{"rendered":"Bas\u00edlica de S\u00e3o Venceslau &#8211; Star\u00e1 Boleslav"},"content":{"rendered":"","protected":false},"excerpt":{"rendered":"","protected":false},"featured_media":748,"comment_status":"open","ping_status":"closed","template":"","meta":{"_acf_changed":false},"product_brand":[],"product_cat":[102],"product_tag":[],"class_list":{"0":"post-1738","1":"product","2":"type-product","3":"status-publish","4":"has-post-thumbnail","6":"product_cat-pamatky-pt-pt","8":"first","9":"instock","10":"virtual","11":"sold-individually","12":"purchasable","13":"product-type-simple"},"acf":[],"_links":{"self":[{"href":"https:\/\/www.kinok.eu\/pt-pt\/wp-json\/wp\/v2\/product\/1738","targetHints":{"allow":["GET"]}}],"collection":[{"href":"https:\/\/www.kinok.eu\/pt-pt\/wp-json\/wp\/v2\/product"}],"about":[{"href":"https:\/\/www.kinok.eu\/pt-pt\/wp-json\/wp\/v2\/types\/product"}],"replies":[{"embeddable":true,"href":"https:\/\/www.kinok.eu\/pt-pt\/wp-json\/wp\/v2\/comments?post=1738"}],"version-history":[{"count":1,"href":"https:\/\/www.kinok.eu\/pt-pt\/wp-json\/wp\/v2\/product\/1738\/revisions"}],"predecessor-version":[{"id":3898,"href":"https:\/\/www.kinok.eu\/pt-pt\/wp-json\/wp\/v2\/product\/1738\/revisions\/3898"}],"wp:featuredmedia":[{"embeddable":true,"href":"https:\/\/www.kinok.eu\/pt-pt\/wp-json\/wp\/v2\/media\/748"}],"wp:attachment":[{"href":"https:\/\/www.kinok.eu\/pt-pt\/wp-json\/wp\/v2\/media?parent=1738"}],"wp:term":[{"taxonomy":"product_brand","embeddable":true,"href":"https:\/\/www.kinok.eu\/pt-pt\/wp-json\/wp\/v2\/product_brand?post=1738"},{"taxonomy":"product_cat","embeddable":true,"href":"https:\/\/www.kinok.eu\/pt-pt\/wp-json\/wp\/v2\/product_cat?post=1738"},{"taxonomy":"product_tag","embeddable":true,"href":"https:\/\/www.kinok.eu\/pt-pt\/wp-json\/wp\/v2\/product_tag?post=1738"}],"curies":[{"name":"wp","href":"https:\/\/api.w.org\/{rel}","templated":true}]}}