{"id":1771,"date":"2025-07-08T22:32:11","date_gmt":"2025-07-08T20:32:11","guid":{"rendered":"https:\/\/www.kinok.eu\/produkt\/basilica-da-assuncao-de-nossa-senhora-stara-boleslav\/"},"modified":"2026-04-07T14:20:34","modified_gmt":"2026-04-07T12:20:34","slug":"basilica-da-assuncao-de-nossa-senhora-stara-boleslav","status":"publish","type":"product","link":"https:\/\/www.kinok.eu\/pt-pt\/produkt\/basilica-da-assuncao-de-nossa-senhora-stara-boleslav\/","title":{"rendered":"Bas\u00edlica da Assun\u00e7\u00e3o de Nossa Senhora &#8211; Star\u00e1 Boleslav"},"content":{"rendered":"","protected":false},"excerpt":{"rendered":"","protected":false},"featured_media":712,"comment_status":"open","ping_status":"closed","template":"","meta":{"_acf_changed":false},"product_brand":[],"product_cat":[102],"product_tag":[],"class_list":{"0":"post-1771","1":"product","2":"type-product","3":"status-publish","4":"has-post-thumbnail","6":"product_cat-pamatky-pt-pt","8":"first","9":"instock","10":"virtual","11":"sold-individually","12":"purchasable","13":"product-type-simple"},"acf":[],"_links":{"self":[{"href":"https:\/\/www.kinok.eu\/pt-pt\/wp-json\/wp\/v2\/product\/1771","targetHints":{"allow":["GET"]}}],"collection":[{"href":"https:\/\/www.kinok.eu\/pt-pt\/wp-json\/wp\/v2\/product"}],"about":[{"href":"https:\/\/www.kinok.eu\/pt-pt\/wp-json\/wp\/v2\/types\/product"}],"replies":[{"embeddable":true,"href":"https:\/\/www.kinok.eu\/pt-pt\/wp-json\/wp\/v2\/comments?post=1771"}],"version-history":[{"count":6,"href":"https:\/\/www.kinok.eu\/pt-pt\/wp-json\/wp\/v2\/product\/1771\/revisions"}],"predecessor-version":[{"id":9551,"href":"https:\/\/www.kinok.eu\/pt-pt\/wp-json\/wp\/v2\/product\/1771\/revisions\/9551"}],"wp:featuredmedia":[{"embeddable":true,"href":"https:\/\/www.kinok.eu\/pt-pt\/wp-json\/wp\/v2\/media\/712"}],"wp:attachment":[{"href":"https:\/\/www.kinok.eu\/pt-pt\/wp-json\/wp\/v2\/media?parent=1771"}],"wp:term":[{"taxonomy":"product_brand","embeddable":true,"href":"https:\/\/www.kinok.eu\/pt-pt\/wp-json\/wp\/v2\/product_brand?post=1771"},{"taxonomy":"product_cat","embeddable":true,"href":"https:\/\/www.kinok.eu\/pt-pt\/wp-json\/wp\/v2\/product_cat?post=1771"},{"taxonomy":"product_tag","embeddable":true,"href":"https:\/\/www.kinok.eu\/pt-pt\/wp-json\/wp\/v2\/product_tag?post=1771"}],"curies":[{"name":"wp","href":"https:\/\/api.w.org\/{rel}","templated":true}]}}