{"id":60,"date":"2025-07-08T00:21:14","date_gmt":"2025-07-07T22:21:14","guid":{"rendered":"https:\/\/www.kinok.eu\/%d0%ba%d0%be%d1%80%d0%b7%d0%b8%d0%bd%d0%b0\/"},"modified":"2025-12-15T15:45:16","modified_gmt":"2025-12-15T14:45:16","slug":"cart","status":"publish","type":"page","link":"https:\/\/www.kinok.eu\/ru\/cart\/","title":{"rendered":"\u041a\u043e\u0440\u0437\u0438\u043d\u0430"},"content":{"rendered":"\n<div data-block-name=\"woocommerce\/cart\" class=\"wp-block-woocommerce-cart is-loading\">\n<div data-block-name=\"woocommerce\/filled-cart-block\" class=\"wp-block-woocommerce-filled-cart-block\">\n<div data-block-name=\"woocommerce\/cart-items-block\" class=\"wp-block-woocommerce-cart-items-block\">\n<div data-block-name=\"woocommerce\/cart-line-items-block\" class=\"wp-block-woocommerce-cart-line-items-block\"><\/div>\n\n\n\n<div data-block-name=\"woocommerce\/cart-cross-sells-block\" class=\"wp-block-woocommerce-cart-cross-sells-block\">\n<h2 class=\"wp-block-heading has-large-font-size\">\u0412\u0430\u043c \u043c\u043e\u0436\u0435\u0442 \u043f\u043e\u043d\u0440\u0430\u0432\u0438\u0442\u044c\u0441\u044f\u2026<\/h2>\n\n\n\n<div data-block-name=\"woocommerce\/cart-cross-sells-products-block\" class=\"wp-block-woocommerce-cart-cross-sells-products-block\"><\/div>\n<\/div>\n<\/div>\n\n\n\n<div data-block-name=\"woocommerce\/cart-totals-block\" class=\"wp-block-woocommerce-cart-totals-block\">\n<div data-block-name=\"woocommerce\/cart-order-summary-block\" class=\"wp-block-woocommerce-cart-order-summary-block\">\n<div data-block-name=\"woocommerce\/cart-order-summary-heading-block\" data-content=\"Celkem k platb\u011b\" class=\"wp-block-woocommerce-cart-order-summary-heading-block\"><\/div>\n\n\n\n<div data-block-name=\"woocommerce\/cart-order-summary-coupon-form-block\" class=\"wp-block-woocommerce-cart-order-summary-coupon-form-block\"><\/div>\n\n\n\n<div data-block-name=\"woocommerce\/cart-order-summary-totals-block\" class=\"wp-block-woocommerce-cart-order-summary-totals-block\">\n<div data-block-name=\"woocommerce\/cart-order-summary-subtotal-block\" class=\"wp-block-woocommerce-cart-order-summary-subtotal-block\"><\/div>\n\n\n\n<div data-block-name=\"woocommerce\/cart-order-summary-fee-block\" class=\"wp-block-woocommerce-cart-order-summary-fee-block\"><\/div>\n\n\n\n<div data-block-name=\"woocommerce\/cart-order-summary-discount-block\" class=\"wp-block-woocommerce-cart-order-summary-discount-block\"><\/div>\n\n\n\n<div data-block-name=\"woocommerce\/cart-order-summary-shipping-block\" class=\"wp-block-woocommerce-cart-order-summary-shipping-block\"><\/div>\n\n\n\n<div data-block-name=\"woocommerce\/cart-order-summary-taxes-block\" class=\"wp-block-woocommerce-cart-order-summary-taxes-block\"><\/div>\n<\/div>\n<\/div>\n\n\n\n<div data-block-name=\"woocommerce\/cart-express-payment-block\" class=\"wp-block-woocommerce-cart-express-payment-block\"><\/div>\n\n\n\n<div data-block-name=\"woocommerce\/proceed-to-checkout-block\" class=\"wp-block-woocommerce-proceed-to-checkout-block\"><\/div>\n\n\n\n<div data-block-name=\"woocommerce\/cart-accepted-payment-methods-block\" class=\"wp-block-woocommerce-cart-accepted-payment-methods-block\"><\/div>\n<\/div>\n<\/div>\n\n\n\n<div data-block-name=\"woocommerce\/empty-cart-block\" class=\"wp-block-woocommerce-empty-cart-block\">\n<h2 class=\"wp-block-heading has-text-align-center with-empty-cart-icon wc-block-cart__empty-cart__title\">\u0412\u0430\u0448\u0430 \u043a\u043e\u0440\u0437\u0438\u043d\u0430 \u0441\u0435\u0439\u0447\u0430\u0441 \u043f\u0443\u0441\u0442\u0430!<\/h2>\n\n\n\n<hr class=\"wp-block-separator has-alpha-channel-opacity is-style-dots\"\/>\n\n\n\n<h2 class=\"wp-block-heading has-text-align-center\">\u041d\u043e\u0432\u0438\u043d\u043a\u0430<\/h2>\n\n\n<div data-block-name=\"woocommerce\/product-new\" data-columns=\"4\" data-rows=\"1\" class=\"wc-block-grid wp-block-product-new wp-block-woocommerce-product-new wc-block-product-new has-4-columns\"><ul class=\"wc-block-grid__products\"><li class=\"wc-block-grid__product\"><span class=\"gtm4wp_productdata\" style=\"display:none; visibility:hidden;\" data-gtm4wp_product_data=\"{&quot;internal_id&quot;:1176,&quot;item_id&quot;:1176,&quot;item_name&quot;:&quot;\\u0410\\u0440\\u0445\\u0438\\u0435\\u043f\\u0438\\u0441\\u043a\\u043e\\u043f\\u0441\\u043a\\u0438\\u0439 \\u0434\\u0432\\u043e\\u0440\\u0435\\u0446 \\u0432 \\u041f\\u0440\\u0430\\u0433\\u0435&quot;,&quot;sku&quot;:&quot;1163&quot;,&quot;price&quot;:260,&quot;stocklevel&quot;:null,&quot;stockstatus&quot;:&quot;instock&quot;,&quot;google_business_vertical&quot;:&quot;retail&quot;,&quot;item_category&quot;:&quot;\\u041f\\u0440\\u0438\\u0446\\u0435\\u043b\\u044b&quot;,&quot;id&quot;:1176,&quot;productlink&quot;:&quot;https:\\\/\\\/www.kinok.eu\\\/ru\\\/produkt\\\/%d0%b0%d1%80%d1%85%d0%b8%d0%b5%d0%bf%d0%b8%d1%81%d0%ba%d0%be%d0%bf%d1%81%d0%ba%d0%b8%d0%b9-%d0%b4%d0%b2%d0%be%d1%80%d0%b5%d1%86-%d0%b2-%d0%bf%d1%80%d0%b0%d0%b3%d0%b5\\\/&quot;,&quot;item_list_name&quot;:&quot;General Product List&quot;,&quot;index&quot;:0,&quot;product_type&quot;:&quot;simple&quot;,&quot;item_brand&quot;:&quot;&quot;}\"><\/span>\n\t\t\t\t<a href=\"https:\/\/www.kinok.eu\/ru\/produkt\/%d0%b0%d1%80%d1%85%d0%b8%d0%b5%d0%bf%d0%b8%d1%81%d0%ba%d0%be%d0%bf%d1%81%d0%ba%d0%b8%d0%b9-%d0%b4%d0%b2%d0%be%d1%80%d0%b5%d1%86-%d0%b2-%d0%bf%d1%80%d0%b0%d0%b3%d0%b5\/\" class=\"wc-block-grid__product-link\">\n\t\t\t\t\t\n\t\t\t\t\t<div class=\"wc-block-grid__product-image\"><img loading=\"lazy\" decoding=\"async\" width=\"300\" height=\"300\" src=\"https:\/\/cdn.kinok.eu\/wp-content\/uploads\/2025\/07\/ap-karta-300x300.jpg\" class=\"attachment-woocommerce_thumbnail size-woocommerce_thumbnail\" alt=\"Kapal\" srcset=\"https:\/\/cdn.kinok.eu\/wp-content\/uploads\/2025\/07\/ap-karta-300x300.jpg 300w, https:\/\/cdn.kinok.eu\/wp-content\/uploads\/2025\/07\/ap-karta-100x100.jpg 100w, https:\/\/cdn.kinok.eu\/wp-content\/uploads\/2025\/07\/ap-karta-150x150.jpg 150w\" sizes=\"auto, (max-width: 300px) 100vw, 300px\" \/><\/div>\n\t\t\t\t\t<div class=\"wc-block-grid__product-title\">\u0410\u0440\u0445\u0438\u0435\u043f\u0438\u0441\u043a\u043e\u043f\u0441\u043a\u0438\u0439 \u0434\u0432\u043e\u0440\u0435\u0446 \u0432 \u041f\u0440\u0430\u0433\u0435<\/div>\n\t\t\t\t<\/a>\n\t\t\t\t<div class=\"wc-block-grid__product-price price\"><div class=\"kk-price-foreign\" style=\"font-size:48px;line-height:1.1;font-weight:600\">13.00&nbsp;$<\/div><div class=\"kk-price-czk\" style=\"font-size:16px;line-height:1.3;opacity:0.8\">(<span class=\"woocommerce-Price-amount amount\">260&nbsp;<span class=\"woocommerce-Price-currencySymbol\">&#075;&#269;<\/span><\/span>)<\/div><\/div>\n\t\t\t\t\n\t\t\t\t<div class=\"wp-block-button wc-block-grid__product-add-to-cart\"><a href=\"\/ru\/wp-json\/wp\/v2\/pages\/60?add-to-cart=1176\" aria-label=\"\u0414\u043e\u0431\u0430\u0432\u0438\u0442\u044c \u0432 \u043a\u043e\u0440\u0437\u0438\u043d\u0443 &ldquo;\u0410\u0440\u0445\u0438\u0435\u043f\u0438\u0441\u043a\u043e\u043f\u0441\u043a\u0438\u0439 \u0434\u0432\u043e\u0440\u0435\u0446 \u0432 \u041f\u0440\u0430\u0433\u0435&rdquo;\" data-quantity=\"1\" data-product_id=\"1176\" data-product_sku=\"1163\" data-price=\"260\" rel=\"nofollow\" class=\"wp-block-button__link  add_to_cart_button ajax_add_to_cart\">\u0412 \u043a\u043e\u0440\u0437\u0438\u043d\u0443<\/a><\/div>\n\t\t\t<\/li><li class=\"wc-block-grid__product\"><span class=\"gtm4wp_productdata\" style=\"display:none; visibility:hidden;\" data-gtm4wp_product_data=\"{&quot;internal_id&quot;:1766,&quot;item_id&quot;:1766,&quot;item_name&quot;:&quot;\\u0411\\u0430\\u0437\\u0438\\u043b\\u0438\\u043a\\u0430 \\u0423\\u0441\\u043f\\u0435\\u043d\\u0438\\u044f \\u041f\\u0440\\u0435\\u0441\\u0432\\u044f\\u0442\\u043e\\u0439 \\u0411\\u043e\\u0433\\u043e\\u0440\\u043e\\u0434\\u0438\\u0446\\u044b - Star\\u00e1 Boleslav&quot;,&quot;sku&quot;:&quot;891&quot;,&quot;price&quot;:400,&quot;stocklevel&quot;:null,&quot;stockstatus&quot;:&quot;instock&quot;,&quot;google_business_vertical&quot;:&quot;retail&quot;,&quot;item_category&quot;:&quot;\\u041f\\u0440\\u0438\\u0446\\u0435\\u043b\\u044b&quot;,&quot;id&quot;:1766,&quot;productlink&quot;:&quot;https:\\\/\\\/www.kinok.eu\\\/ru\\\/produkt\\\/%d0%b1%d0%b0%d0%b7%d0%b8%d0%bb%d0%b8%d0%ba%d0%b0-%d1%83%d1%81%d0%bf%d0%b5%d0%bd%d0%b8%d1%8f-%d0%bf%d1%80%d0%b5%d1%81%d0%b2%d1%8f%d1%82%d0%be%d0%b9-%d0%b1%d0%be%d0%b3%d0%be%d1%80%d0%be%d0%b4%d0%b8\\\/&quot;,&quot;item_list_name&quot;:&quot;General Product List&quot;,&quot;index&quot;:0,&quot;product_type&quot;:&quot;simple&quot;,&quot;item_brand&quot;:&quot;&quot;}\"><\/span>\n\t\t\t\t<a href=\"https:\/\/www.kinok.eu\/ru\/produkt\/%d0%b1%d0%b0%d0%b7%d0%b8%d0%bb%d0%b8%d0%ba%d0%b0-%d1%83%d1%81%d0%bf%d0%b5%d0%bd%d0%b8%d1%8f-%d0%bf%d1%80%d0%b5%d1%81%d0%b2%d1%8f%d1%82%d0%be%d0%b9-%d0%b1%d0%be%d0%b3%d0%be%d1%80%d0%be%d0%b4%d0%b8\/\" class=\"wc-block-grid__product-link\">\n\t\t\t\t\t\n\t\t\t\t\t<div class=\"wc-block-grid__product-image\"><img loading=\"lazy\" decoding=\"async\" width=\"300\" height=\"300\" src=\"https:\/\/cdn.kinok.eu\/wp-content\/uploads\/2025\/07\/marie-karta-300x300.jpg\" class=\"attachment-woocommerce_thumbnail size-woocommerce_thumbnail\" alt=\"Interi\u00e9r bazilika Nanebevzet\u00ed panny Marie\" srcset=\"https:\/\/cdn.kinok.eu\/wp-content\/uploads\/2025\/07\/marie-karta-300x300.jpg 300w, https:\/\/cdn.kinok.eu\/wp-content\/uploads\/2025\/07\/marie-karta-100x100.jpg 100w, https:\/\/cdn.kinok.eu\/wp-content\/uploads\/2025\/07\/marie-karta-150x150.jpg 150w\" sizes=\"auto, (max-width: 300px) 100vw, 300px\" \/><\/div>\n\t\t\t\t\t<div class=\"wc-block-grid__product-title\">\u0411\u0430\u0437\u0438\u043b\u0438\u043a\u0430 \u0423\u0441\u043f\u0435\u043d\u0438\u044f \u041f\u0440\u0435\u0441\u0432\u044f\u0442\u043e\u0439 \u0411\u043e\u0433\u043e\u0440\u043e\u0434\u0438\u0446\u044b &#8212; Star\u00e1 Boleslav<\/div>\n\t\t\t\t<\/a>\n\t\t\t\t<div class=\"wc-block-grid__product-price price\"><div class=\"kk-price-foreign\" style=\"font-size:48px;line-height:1.1;font-weight:600\">20.00&nbsp;$<\/div><div class=\"kk-price-czk\" style=\"font-size:16px;line-height:1.3;opacity:0.8\">(<span class=\"woocommerce-Price-amount amount\">400&nbsp;<span class=\"woocommerce-Price-currencySymbol\">&#075;&#269;<\/span><\/span>)<\/div><\/div>\n\t\t\t\t\n\t\t\t\t<div class=\"wp-block-button wc-block-grid__product-add-to-cart\"><a href=\"\/ru\/wp-json\/wp\/v2\/pages\/60?add-to-cart=1766\" aria-label=\"\u0414\u043e\u0431\u0430\u0432\u0438\u0442\u044c \u0432 \u043a\u043e\u0440\u0437\u0438\u043d\u0443 &ldquo;\u0411\u0430\u0437\u0438\u043b\u0438\u043a\u0430 \u0423\u0441\u043f\u0435\u043d\u0438\u044f \u041f\u0440\u0435\u0441\u0432\u044f\u0442\u043e\u0439 \u0411\u043e\u0433\u043e\u0440\u043e\u0434\u0438\u0446\u044b - Star\u00e1 Boleslav&rdquo;\" data-quantity=\"1\" data-product_id=\"1766\" data-product_sku=\"891\" data-price=\"400\" rel=\"nofollow\" class=\"wp-block-button__link  add_to_cart_button ajax_add_to_cart\">\u0412 \u043a\u043e\u0440\u0437\u0438\u043d\u0443<\/a><\/div>\n\t\t\t<\/li><li class=\"wc-block-grid__product\"><span class=\"gtm4wp_productdata\" style=\"display:none; visibility:hidden;\" data-gtm4wp_product_data=\"{&quot;internal_id&quot;:1739,&quot;item_id&quot;:1739,&quot;item_name&quot;:&quot;\\u0411\\u0430\\u0437\\u0438\\u043b\\u0438\\u043a\\u0430 \\u0421\\u0432\\u044f\\u0442\\u043e\\u0433\\u043e \\u0412\\u0430\\u0446\\u043b\\u0430\\u0432\\u0430 - Star\\u00e1 Boleslav&quot;,&quot;sku&quot;:&quot;889&quot;,&quot;price&quot;:400,&quot;stocklevel&quot;:null,&quot;stockstatus&quot;:&quot;instock&quot;,&quot;google_business_vertical&quot;:&quot;retail&quot;,&quot;item_category&quot;:&quot;\\u041f\\u0440\\u0438\\u0446\\u0435\\u043b\\u044b&quot;,&quot;id&quot;:1739,&quot;productlink&quot;:&quot;https:\\\/\\\/www.kinok.eu\\\/ru\\\/produkt\\\/%d0%b1%d0%b0%d0%b7%d0%b8%d0%bb%d0%b8%d0%ba%d0%b0-%d1%81%d0%b2%d1%8f%d1%82%d0%be%d0%b3%d0%be-%d0%b2%d0%b0%d1%86%d0%bb%d0%b0%d0%b2%d0%b0-stara-boleslav\\\/&quot;,&quot;item_list_name&quot;:&quot;General Product List&quot;,&quot;index&quot;:0,&quot;product_type&quot;:&quot;simple&quot;,&quot;item_brand&quot;:&quot;&quot;}\"><\/span>\n\t\t\t\t<a href=\"https:\/\/www.kinok.eu\/ru\/produkt\/%d0%b1%d0%b0%d0%b7%d0%b8%d0%bb%d0%b8%d0%ba%d0%b0-%d1%81%d0%b2%d1%8f%d1%82%d0%be%d0%b3%d0%be-%d0%b2%d0%b0%d1%86%d0%bb%d0%b0%d0%b2%d0%b0-stara-boleslav\/\" class=\"wc-block-grid__product-link\">\n\t\t\t\t\t\n\t\t\t\t\t<div class=\"wc-block-grid__product-image\"><img loading=\"lazy\" decoding=\"async\" width=\"300\" height=\"300\" src=\"https:\/\/cdn.kinok.eu\/wp-content\/uploads\/2025\/07\/Vaclav-karta-300x300.jpg\" class=\"attachment-woocommerce_thumbnail size-woocommerce_thumbnail\" alt=\"Schodi\u0161t\u011b baziliky svat\u00e9ho V\u00e1clava\" srcset=\"https:\/\/cdn.kinok.eu\/wp-content\/uploads\/2025\/07\/Vaclav-karta-300x300.jpg 300w, https:\/\/cdn.kinok.eu\/wp-content\/uploads\/2025\/07\/Vaclav-karta-100x100.jpg 100w, https:\/\/cdn.kinok.eu\/wp-content\/uploads\/2025\/07\/Vaclav-karta-150x150.jpg 150w\" sizes=\"auto, (max-width: 300px) 100vw, 300px\" \/><\/div>\n\t\t\t\t\t<div class=\"wc-block-grid__product-title\">\u0411\u0430\u0437\u0438\u043b\u0438\u043a\u0430 \u0421\u0432\u044f\u0442\u043e\u0433\u043e \u0412\u0430\u0446\u043b\u0430\u0432\u0430 &#8212; Star\u00e1 Boleslav<\/div>\n\t\t\t\t<\/a>\n\t\t\t\t<div class=\"wc-block-grid__product-price price\"><div class=\"kk-price-foreign\" style=\"font-size:48px;line-height:1.1;font-weight:600\">20.00&nbsp;$<\/div><div class=\"kk-price-czk\" style=\"font-size:16px;line-height:1.3;opacity:0.8\">(<span class=\"woocommerce-Price-amount amount\">400&nbsp;<span class=\"woocommerce-Price-currencySymbol\">&#075;&#269;<\/span><\/span>)<\/div><\/div>\n\t\t\t\t\n\t\t\t\t<div class=\"wp-block-button wc-block-grid__product-add-to-cart\"><a href=\"\/ru\/wp-json\/wp\/v2\/pages\/60?add-to-cart=1739\" aria-label=\"\u0414\u043e\u0431\u0430\u0432\u0438\u0442\u044c \u0432 \u043a\u043e\u0440\u0437\u0438\u043d\u0443 &ldquo;\u0411\u0430\u0437\u0438\u043b\u0438\u043a\u0430 \u0421\u0432\u044f\u0442\u043e\u0433\u043e \u0412\u0430\u0446\u043b\u0430\u0432\u0430 - Star\u00e1 Boleslav&rdquo;\" data-quantity=\"1\" data-product_id=\"1739\" data-product_sku=\"889\" data-price=\"400\" rel=\"nofollow\" class=\"wp-block-button__link  add_to_cart_button ajax_add_to_cart\">\u0412 \u043a\u043e\u0440\u0437\u0438\u043d\u0443<\/a><\/div>\n\t\t\t<\/li><li class=\"wc-block-grid__product\"><span class=\"gtm4wp_productdata\" style=\"display:none; visibility:hidden;\" data-gtm4wp_product_data=\"{&quot;internal_id&quot;:1693,&quot;item_id&quot;:1693,&quot;item_name&quot;:&quot;\\u0426\\u0435\\u0440\\u043a\\u043e\\u0432\\u044c \\u0425\\u0440\\u0438\\u0441\\u0442\\u0430 \\u0421\\u043f\\u0430\\u0441\\u0438\\u0442\\u0435\\u043b\\u044f - \\u041f\\u0440\\u0430\\u0433\\u0430&quot;,&quot;sku&quot;:&quot;887&quot;,&quot;price&quot;:200,&quot;stocklevel&quot;:null,&quot;stockstatus&quot;:&quot;instock&quot;,&quot;google_business_vertical&quot;:&quot;retail&quot;,&quot;item_category&quot;:&quot;\\u041f\\u0440\\u0438\\u0446\\u0435\\u043b\\u044b&quot;,&quot;id&quot;:1693,&quot;productlink&quot;:&quot;https:\\\/\\\/www.kinok.eu\\\/ru\\\/produkt\\\/%d1%86%d0%b5%d1%80%d0%ba%d0%be%d0%b2%d1%8c-%d1%85%d1%80%d0%b8%d1%81%d1%82%d0%b0-%d1%81%d0%bf%d0%b0%d1%81%d0%b8%d1%82%d0%b5%d0%bb%d1%8f-%d0%bf%d1%80%d0%b0%d0%b3%d0%b0\\\/&quot;,&quot;item_list_name&quot;:&quot;General Product List&quot;,&quot;index&quot;:0,&quot;product_type&quot;:&quot;simple&quot;,&quot;item_brand&quot;:&quot;&quot;}\"><\/span>\n\t\t\t\t<a href=\"https:\/\/www.kinok.eu\/ru\/produkt\/%d1%86%d0%b5%d1%80%d0%ba%d0%be%d0%b2%d1%8c-%d1%85%d1%80%d0%b8%d1%81%d1%82%d0%b0-%d1%81%d0%bf%d0%b0%d1%81%d0%b8%d1%82%d0%b5%d0%bb%d1%8f-%d0%bf%d1%80%d0%b0%d0%b3%d0%b0\/\" class=\"wc-block-grid__product-link\">\n\t\t\t\t\t\n\t\t\t\t\t<div class=\"wc-block-grid__product-image\"><img loading=\"lazy\" decoding=\"async\" width=\"300\" height=\"300\" src=\"https:\/\/cdn.kinok.eu\/wp-content\/uploads\/2025\/07\/kostel-Krista-spasitele-karta-2-300x300.jpg\" class=\"attachment-woocommerce_thumbnail size-woocommerce_thumbnail\" alt=\"Sklen\u011bn\u00fd k\u0159\u00ed\u017e v kostele Krista spasitele\" srcset=\"https:\/\/cdn.kinok.eu\/wp-content\/uploads\/2025\/07\/kostel-Krista-spasitele-karta-2-300x300.jpg 300w, https:\/\/cdn.kinok.eu\/wp-content\/uploads\/2025\/07\/kostel-Krista-spasitele-karta-2-100x100.jpg 100w, https:\/\/cdn.kinok.eu\/wp-content\/uploads\/2025\/07\/kostel-Krista-spasitele-karta-2-150x150.jpg 150w\" sizes=\"auto, (max-width: 300px) 100vw, 300px\" \/><\/div>\n\t\t\t\t\t<div class=\"wc-block-grid__product-title\">\u0426\u0435\u0440\u043a\u043e\u0432\u044c \u0425\u0440\u0438\u0441\u0442\u0430 \u0421\u043f\u0430\u0441\u0438\u0442\u0435\u043b\u044f &#8212; \u041f\u0440\u0430\u0433\u0430<\/div>\n\t\t\t\t<\/a>\n\t\t\t\t<div class=\"wc-block-grid__product-price price\"><div class=\"kk-price-foreign\" style=\"font-size:48px;line-height:1.1;font-weight:600\">10.00&nbsp;$<\/div><div class=\"kk-price-czk\" style=\"font-size:16px;line-height:1.3;opacity:0.8\">(<span class=\"woocommerce-Price-amount amount\">200&nbsp;<span class=\"woocommerce-Price-currencySymbol\">&#075;&#269;<\/span><\/span>)<\/div><\/div>\n\t\t\t\t\n\t\t\t\t<div class=\"wp-block-button wc-block-grid__product-add-to-cart\"><a href=\"\/ru\/wp-json\/wp\/v2\/pages\/60?add-to-cart=1693\" aria-label=\"\u0414\u043e\u0431\u0430\u0432\u0438\u0442\u044c \u0432 \u043a\u043e\u0440\u0437\u0438\u043d\u0443 &ldquo;\u0426\u0435\u0440\u043a\u043e\u0432\u044c \u0425\u0440\u0438\u0441\u0442\u0430 \u0421\u043f\u0430\u0441\u0438\u0442\u0435\u043b\u044f - \u041f\u0440\u0430\u0433\u0430&rdquo;\" data-quantity=\"1\" data-product_id=\"1693\" data-product_sku=\"887\" data-price=\"200\" rel=\"nofollow\" class=\"wp-block-button__link  add_to_cart_button ajax_add_to_cart\">\u0412 \u043a\u043e\u0440\u0437\u0438\u043d\u0443<\/a><\/div>\n\t\t\t<\/li><\/ul><\/div><\/div>\n<\/div>\n","protected":false},"excerpt":{"rendered":"","protected":false},"author":1,"featured_media":0,"parent":0,"menu_order":0,"comment_status":"closed","ping_status":"closed","template":"","meta":{"_acf_changed":false,"footnotes":""},"class_list":["post-60","page","type-page","status-publish","hentry"],"acf":[],"_links":{"self":[{"href":"https:\/\/www.kinok.eu\/ru\/wp-json\/wp\/v2\/pages\/60","targetHints":{"allow":["GET"]}}],"collection":[{"href":"https:\/\/www.kinok.eu\/ru\/wp-json\/wp\/v2\/pages"}],"about":[{"href":"https:\/\/www.kinok.eu\/ru\/wp-json\/wp\/v2\/types\/page"}],"author":[{"embeddable":true,"href":"https:\/\/www.kinok.eu\/ru\/wp-json\/wp\/v2\/users\/1"}],"replies":[{"embeddable":true,"href":"https:\/\/www.kinok.eu\/ru\/wp-json\/wp\/v2\/comments?post=60"}],"version-history":[{"count":5,"href":"https:\/\/www.kinok.eu\/ru\/wp-json\/wp\/v2\/pages\/60\/revisions"}],"predecessor-version":[{"id":5451,"href":"https:\/\/www.kinok.eu\/ru\/wp-json\/wp\/v2\/pages\/60\/revisions\/5451"}],"wp:attachment":[{"href":"https:\/\/www.kinok.eu\/ru\/wp-json\/wp\/v2\/media?parent=60"}],"curies":[{"name":"wp","href":"https:\/\/api.w.org\/{rel}","templated":true}]}}