{"id":2050,"date":"2025-07-14T13:30:57","date_gmt":"2025-07-14T11:30:57","guid":{"rendered":"https:\/\/www.kinok.eu\/imprint\/"},"modified":"2025-07-15T19:08:58","modified_gmt":"2025-07-15T17:08:58","slug":"imprint","status":"publish","type":"page","link":"https:\/\/www.kinok.eu\/zh-hans\/imprint\/","title":{"rendered":"Imprint"},"content":{"rendered":"\n<!-- Legal document generated by Complianz | GDPR\/CCPA Cookie Consent https:\/\/wordpress.org\/plugins\/complianz-gdpr -->\n<div id=\"cmplz-document\" class=\"cmplz-document impressum cmplz-document-all\"><p><i>This imprint was last updated on 24. 9. 2025.<\/i><\/p><p class=\"cmplz-subtitle\">The owner of this website is:<\/p><p>KinoK s.r.o. <br>Jana Weisse 1204, 514 01 Jilemnice<br>Czech Republic<br>Email:&nbsp;<span class=\"cmplz-obfuscate\">su&#112;&#112;&#111;&#114;t@<span class=\"cmplz-fmail-domain\">&#101;x&#046;&#099;o&#109;<\/span>ki&#110;o&#107;&#046;eu<\/span><br><br><\/p><p class=\"cmplz-subtitle\">The legal representative(s) of KinoK s.r.o. :<\/p><p>Richard Farbar<\/p><h2>1. General<\/h2><p class=\"cmplz-subtitle\">1.1 We are registered at veden\u00e1 u Krajsk\u00e9ho soudu v Hradci Kr\u00e1lov\u00e9 pod spis. zn. C 51239. under the license or registration number:<\/p><p>I\u010c: 19337574<\/p><p>We are willing or obliged to participate in dispute resolution procedures before a consumer arbitration board.<\/p><h2>2. The following information is mandatory according to German law.<\/h2><p class=\"cmplz-subtitle\">2.1 Die Eigentumsanteile der Gesellschaft (Aktienkapital), die von ihr ausgegeben wurden:<\/p><p>100 000 K\u010d<\/p><\/div>","protected":false},"excerpt":{"rendered":"","protected":false},"author":1,"featured_media":0,"parent":0,"menu_order":0,"comment_status":"closed","ping_status":"closed","template":"","meta":{"_acf_changed":false,"footnotes":""},"class_list":["post-2050","page","type-page","status-publish","hentry"],"acf":[],"_links":{"self":[{"href":"https:\/\/www.kinok.eu\/zh-hans\/wp-json\/wp\/v2\/pages\/2050","targetHints":{"allow":["GET"]}}],"collection":[{"href":"https:\/\/www.kinok.eu\/zh-hans\/wp-json\/wp\/v2\/pages"}],"about":[{"href":"https:\/\/www.kinok.eu\/zh-hans\/wp-json\/wp\/v2\/types\/page"}],"author":[{"embeddable":true,"href":"https:\/\/www.kinok.eu\/zh-hans\/wp-json\/wp\/v2\/users\/1"}],"replies":[{"embeddable":true,"href":"https:\/\/www.kinok.eu\/zh-hans\/wp-json\/wp\/v2\/comments?post=2050"}],"version-history":[{"count":0,"href":"https:\/\/www.kinok.eu\/zh-hans\/wp-json\/wp\/v2\/pages\/2050\/revisions"}],"wp:attachment":[{"href":"https:\/\/www.kinok.eu\/zh-hans\/wp-json\/wp\/v2\/media?parent=2050"}],"curies":[{"name":"wp","href":"https:\/\/api.w.org\/{rel}","templated":true}]}}