{"id":24,"date":"2025-07-08T00:21:14","date_gmt":"2025-07-07T22:21:14","guid":{"rendered":"https:\/\/www.kinok.eu\/%e8%b4%ad%e7%89%a9%e8%bd%a6\/"},"modified":"2025-12-15T15:45:42","modified_gmt":"2025-12-15T14:45:42","slug":"cart","status":"publish","type":"page","link":"https:\/\/www.kinok.eu\/zh-hans\/cart\/","title":{"rendered":"\u8d2d\u7269\u8f66"},"content":{"rendered":"\n<div data-block-name=\"woocommerce\/cart\" class=\"wp-block-woocommerce-cart is-loading\">\n<div data-block-name=\"woocommerce\/filled-cart-block\" class=\"wp-block-woocommerce-filled-cart-block\">\n<div data-block-name=\"woocommerce\/cart-items-block\" class=\"wp-block-woocommerce-cart-items-block\">\n<div data-block-name=\"woocommerce\/cart-line-items-block\" class=\"wp-block-woocommerce-cart-line-items-block\"><\/div>\n\n\n\n<div data-block-name=\"woocommerce\/cart-cross-sells-block\" class=\"wp-block-woocommerce-cart-cross-sells-block\">\n<h2 class=\"wp-block-heading has-large-font-size\">\u60a8\u53ef\u80fd\u559c\u6b22\u2026<\/h2>\n\n\n\n<div data-block-name=\"woocommerce\/cart-cross-sells-products-block\" class=\"wp-block-woocommerce-cart-cross-sells-products-block\"><\/div>\n<\/div>\n<\/div>\n\n\n\n<div data-block-name=\"woocommerce\/cart-totals-block\" class=\"wp-block-woocommerce-cart-totals-block\">\n<div data-block-name=\"woocommerce\/cart-order-summary-block\" class=\"wp-block-woocommerce-cart-order-summary-block\">\n<div data-block-name=\"woocommerce\/cart-order-summary-heading-block\" data-content=\"Celkem k platb\u011b\" class=\"wp-block-woocommerce-cart-order-summary-heading-block\"><\/div>\n\n\n\n<div data-block-name=\"woocommerce\/cart-order-summary-coupon-form-block\" class=\"wp-block-woocommerce-cart-order-summary-coupon-form-block\"><\/div>\n\n\n\n<div data-block-name=\"woocommerce\/cart-order-summary-totals-block\" class=\"wp-block-woocommerce-cart-order-summary-totals-block\">\n<div data-block-name=\"woocommerce\/cart-order-summary-subtotal-block\" class=\"wp-block-woocommerce-cart-order-summary-subtotal-block\"><\/div>\n\n\n\n<div data-block-name=\"woocommerce\/cart-order-summary-fee-block\" class=\"wp-block-woocommerce-cart-order-summary-fee-block\"><\/div>\n\n\n\n<div data-block-name=\"woocommerce\/cart-order-summary-discount-block\" class=\"wp-block-woocommerce-cart-order-summary-discount-block\"><\/div>\n\n\n\n<div data-block-name=\"woocommerce\/cart-order-summary-shipping-block\" class=\"wp-block-woocommerce-cart-order-summary-shipping-block\"><\/div>\n\n\n\n<div data-block-name=\"woocommerce\/cart-order-summary-taxes-block\" class=\"wp-block-woocommerce-cart-order-summary-taxes-block\"><\/div>\n<\/div>\n<\/div>\n\n\n\n<div data-block-name=\"woocommerce\/cart-express-payment-block\" class=\"wp-block-woocommerce-cart-express-payment-block\"><\/div>\n\n\n\n<div data-block-name=\"woocommerce\/proceed-to-checkout-block\" class=\"wp-block-woocommerce-proceed-to-checkout-block\"><\/div>\n\n\n\n<div data-block-name=\"woocommerce\/cart-accepted-payment-methods-block\" class=\"wp-block-woocommerce-cart-accepted-payment-methods-block\"><\/div>\n<\/div>\n<\/div>\n\n\n\n<div data-block-name=\"woocommerce\/empty-cart-block\" class=\"wp-block-woocommerce-empty-cart-block\">\n<h2 class=\"wp-block-heading has-text-align-center with-empty-cart-icon wc-block-cart__empty-cart__title\">\u60a8\u7684\u8d2d\u7269\u8f66\u76ee\u524d\u662f\u7a7a\u7684\uff01<\/h2>\n\n\n\n<hr class=\"wp-block-separator has-alpha-channel-opacity is-style-dots\"\/>\n\n\n\n<h2 class=\"wp-block-heading has-text-align-center\">\u65b0\u54c1<\/h2>\n\n\n<div data-block-name=\"woocommerce\/product-new\" data-columns=\"4\" data-rows=\"1\" class=\"wc-block-grid wp-block-product-new wp-block-woocommerce-product-new wc-block-product-new has-4-columns\"><ul class=\"wc-block-grid__products\"><li class=\"wc-block-grid__product\"><span class=\"gtm4wp_productdata\" style=\"display:none; visibility:hidden;\" data-gtm4wp_product_data=\"{&quot;internal_id&quot;:1165,&quot;item_id&quot;:1165,&quot;item_name&quot;:&quot;\\u5e03\\u62c9\\u683c\\u5927\\u4e3b\\u6559\\u5bab&quot;,&quot;sku&quot;:&quot;1163&quot;,&quot;price&quot;:260,&quot;stocklevel&quot;:null,&quot;stockstatus&quot;:&quot;instock&quot;,&quot;google_business_vertical&quot;:&quot;retail&quot;,&quot;item_category&quot;:&quot;Pam\\u00e1tky&quot;,&quot;id&quot;:1165,&quot;productlink&quot;:&quot;https:\\\/\\\/www.kinok.eu\\\/zh-hans\\\/produkt\\\/daqiaozhu-dasha-bula-ge\\\/&quot;,&quot;item_list_name&quot;:&quot;General Product List&quot;,&quot;index&quot;:0,&quot;product_type&quot;:&quot;simple&quot;,&quot;item_brand&quot;:&quot;&quot;}\"><\/span>\n\t\t\t\t<a href=\"https:\/\/www.kinok.eu\/zh-hans\/produkt\/daqiaozhu-dasha-bula-ge\/\" class=\"wc-block-grid__product-link\">\n\t\t\t\t\t\n\t\t\t\t\t<div class=\"wc-block-grid__product-image\"><img loading=\"lazy\" decoding=\"async\" width=\"300\" height=\"300\" src=\"https:\/\/cdn.kinok.eu\/wp-content\/uploads\/2025\/07\/ap-karta-300x300.jpg\" class=\"attachment-woocommerce_thumbnail size-woocommerce_thumbnail\" alt=\"Kapal\" srcset=\"https:\/\/cdn.kinok.eu\/wp-content\/uploads\/2025\/07\/ap-karta-300x300.jpg 300w, https:\/\/cdn.kinok.eu\/wp-content\/uploads\/2025\/07\/ap-karta-100x100.jpg 100w, https:\/\/cdn.kinok.eu\/wp-content\/uploads\/2025\/07\/ap-karta-150x150.jpg 150w\" sizes=\"auto, (max-width: 300px) 100vw, 300px\" \/><\/div>\n\t\t\t\t\t<div class=\"wc-block-grid__product-title\">\u5e03\u62c9\u683c\u5927\u4e3b\u6559\u5bab<\/div>\n\t\t\t\t<\/a>\n\t\t\t\t<div class=\"wc-block-grid__product-price price\"><div class=\"kk-price-foreign\" style=\"font-size:48px;line-height:1.1;font-weight:600\">13.00&nbsp;$<\/div><div class=\"kk-price-czk\" style=\"font-size:16px;line-height:1.3;opacity:0.8\">(<span class=\"woocommerce-Price-amount amount\">260&nbsp;<span class=\"woocommerce-Price-currencySymbol\">&#075;&#269;<\/span><\/span>)<\/div><\/div>\n\t\t\t\t\n\t\t\t\t<div class=\"wp-block-button wc-block-grid__product-add-to-cart\"><a href=\"\/zh-hans\/wp-json\/wp\/v2\/pages\/24?add-to-cart=1165\" aria-label=\"\u52a0\u5165\u8d2d\u7269\u8f66\uff1a\u201c\u5e03\u62c9\u683c\u5927\u4e3b\u6559\u5bab\u201d\" data-quantity=\"1\" data-product_id=\"1165\" data-product_sku=\"1163\" data-price=\"260\" rel=\"nofollow\" class=\"wp-block-button__link  add_to_cart_button ajax_add_to_cart\">\u52a0\u5165\u8d2d\u7269\u8f66<\/a><\/div>\n\t\t\t<\/li><li class=\"wc-block-grid__product\"><span class=\"gtm4wp_productdata\" style=\"display:none; visibility:hidden;\" data-gtm4wp_product_data=\"{&quot;internal_id&quot;:1759,&quot;item_id&quot;:1759,&quot;item_name&quot;:&quot;\\u5723\\u6bcd\\u5347\\u5929\\u5927\\u6559\\u5802 - Star\\u00e1 Boleslav&quot;,&quot;sku&quot;:&quot;891&quot;,&quot;price&quot;:400,&quot;stocklevel&quot;:null,&quot;stockstatus&quot;:&quot;instock&quot;,&quot;google_business_vertical&quot;:&quot;retail&quot;,&quot;item_category&quot;:&quot;Pam\\u00e1tky&quot;,&quot;id&quot;:1759,&quot;productlink&quot;:&quot;https:\\\/\\\/www.kinok.eu\\\/zh-hans\\\/produkt\\\/%e5%9c%a3%e6%af%8d%e5%8d%87%e5%a4%a9%e5%a4%a7%e6%95%99%e5%a0%82-stara-boleslav\\\/&quot;,&quot;item_list_name&quot;:&quot;General Product List&quot;,&quot;index&quot;:0,&quot;product_type&quot;:&quot;simple&quot;,&quot;item_brand&quot;:&quot;&quot;}\"><\/span>\n\t\t\t\t<a href=\"https:\/\/www.kinok.eu\/zh-hans\/produkt\/%e5%9c%a3%e6%af%8d%e5%8d%87%e5%a4%a9%e5%a4%a7%e6%95%99%e5%a0%82-stara-boleslav\/\" class=\"wc-block-grid__product-link\">\n\t\t\t\t\t\n\t\t\t\t\t<div class=\"wc-block-grid__product-image\"><img loading=\"lazy\" decoding=\"async\" width=\"300\" height=\"300\" src=\"https:\/\/cdn.kinok.eu\/wp-content\/uploads\/2025\/07\/marie-karta-300x300.jpg\" class=\"attachment-woocommerce_thumbnail size-woocommerce_thumbnail\" alt=\"Interi\u00e9r bazilika Nanebevzet\u00ed panny Marie\" srcset=\"https:\/\/cdn.kinok.eu\/wp-content\/uploads\/2025\/07\/marie-karta-300x300.jpg 300w, https:\/\/cdn.kinok.eu\/wp-content\/uploads\/2025\/07\/marie-karta-100x100.jpg 100w, https:\/\/cdn.kinok.eu\/wp-content\/uploads\/2025\/07\/marie-karta-150x150.jpg 150w\" sizes=\"auto, (max-width: 300px) 100vw, 300px\" \/><\/div>\n\t\t\t\t\t<div class=\"wc-block-grid__product-title\">\u5723\u6bcd\u5347\u5929\u5927\u6559\u5802 &#8211; Star\u00e1 Boleslav<\/div>\n\t\t\t\t<\/a>\n\t\t\t\t<div class=\"wc-block-grid__product-price price\"><div class=\"kk-price-foreign\" style=\"font-size:48px;line-height:1.1;font-weight:600\">20.00&nbsp;$<\/div><div class=\"kk-price-czk\" style=\"font-size:16px;line-height:1.3;opacity:0.8\">(<span class=\"woocommerce-Price-amount amount\">400&nbsp;<span class=\"woocommerce-Price-currencySymbol\">&#075;&#269;<\/span><\/span>)<\/div><\/div>\n\t\t\t\t\n\t\t\t\t<div class=\"wp-block-button wc-block-grid__product-add-to-cart\"><a href=\"\/zh-hans\/wp-json\/wp\/v2\/pages\/24?add-to-cart=1759\" aria-label=\"\u52a0\u5165\u8d2d\u7269\u8f66\uff1a\u201c\u5723\u6bcd\u5347\u5929\u5927\u6559\u5802 - Star\u00e1 Boleslav\u201d\" data-quantity=\"1\" data-product_id=\"1759\" data-product_sku=\"891\" data-price=\"400\" rel=\"nofollow\" class=\"wp-block-button__link  add_to_cart_button ajax_add_to_cart\">\u52a0\u5165\u8d2d\u7269\u8f66<\/a><\/div>\n\t\t\t<\/li><li class=\"wc-block-grid__product\"><span class=\"gtm4wp_productdata\" style=\"display:none; visibility:hidden;\" data-gtm4wp_product_data=\"{&quot;internal_id&quot;:1734,&quot;item_id&quot;:1734,&quot;item_name&quot;:&quot;\\u5723\\u74e6\\u8328\\u62c9\\u592b\\u5927\\u6559\\u5802 - Star\\u00e1 Boleslav&quot;,&quot;sku&quot;:&quot;889&quot;,&quot;price&quot;:400,&quot;stocklevel&quot;:null,&quot;stockstatus&quot;:&quot;instock&quot;,&quot;google_business_vertical&quot;:&quot;retail&quot;,&quot;item_category&quot;:&quot;Pam\\u00e1tky&quot;,&quot;id&quot;:1734,&quot;productlink&quot;:&quot;https:\\\/\\\/www.kinok.eu\\\/zh-hans\\\/produkt\\\/%e5%9c%a3%e7%93%a6%e8%8c%a8%e6%8b%89%e5%a4%ab%e5%a4%a7%e6%95%99%e5%a0%82-stara-boleslav\\\/&quot;,&quot;item_list_name&quot;:&quot;General Product List&quot;,&quot;index&quot;:0,&quot;product_type&quot;:&quot;simple&quot;,&quot;item_brand&quot;:&quot;&quot;}\"><\/span>\n\t\t\t\t<a href=\"https:\/\/www.kinok.eu\/zh-hans\/produkt\/%e5%9c%a3%e7%93%a6%e8%8c%a8%e6%8b%89%e5%a4%ab%e5%a4%a7%e6%95%99%e5%a0%82-stara-boleslav\/\" class=\"wc-block-grid__product-link\">\n\t\t\t\t\t\n\t\t\t\t\t<div class=\"wc-block-grid__product-image\"><img loading=\"lazy\" decoding=\"async\" width=\"300\" height=\"300\" src=\"https:\/\/cdn.kinok.eu\/wp-content\/uploads\/2025\/07\/Vaclav-karta-300x300.jpg\" class=\"attachment-woocommerce_thumbnail size-woocommerce_thumbnail\" alt=\"Schodi\u0161t\u011b baziliky svat\u00e9ho V\u00e1clava\" srcset=\"https:\/\/cdn.kinok.eu\/wp-content\/uploads\/2025\/07\/Vaclav-karta-300x300.jpg 300w, https:\/\/cdn.kinok.eu\/wp-content\/uploads\/2025\/07\/Vaclav-karta-100x100.jpg 100w, https:\/\/cdn.kinok.eu\/wp-content\/uploads\/2025\/07\/Vaclav-karta-150x150.jpg 150w\" sizes=\"auto, (max-width: 300px) 100vw, 300px\" \/><\/div>\n\t\t\t\t\t<div class=\"wc-block-grid__product-title\">\u5723\u74e6\u8328\u62c9\u592b\u5927\u6559\u5802 &#8211; Star\u00e1 Boleslav<\/div>\n\t\t\t\t<\/a>\n\t\t\t\t<div class=\"wc-block-grid__product-price price\"><div class=\"kk-price-foreign\" style=\"font-size:48px;line-height:1.1;font-weight:600\">20.00&nbsp;$<\/div><div class=\"kk-price-czk\" style=\"font-size:16px;line-height:1.3;opacity:0.8\">(<span class=\"woocommerce-Price-amount amount\">400&nbsp;<span class=\"woocommerce-Price-currencySymbol\">&#075;&#269;<\/span><\/span>)<\/div><\/div>\n\t\t\t\t\n\t\t\t\t<div class=\"wp-block-button wc-block-grid__product-add-to-cart\"><a href=\"\/zh-hans\/wp-json\/wp\/v2\/pages\/24?add-to-cart=1734\" aria-label=\"\u52a0\u5165\u8d2d\u7269\u8f66\uff1a\u201c\u5723\u74e6\u8328\u62c9\u592b\u5927\u6559\u5802 - Star\u00e1 Boleslav\u201d\" data-quantity=\"1\" data-product_id=\"1734\" data-product_sku=\"889\" data-price=\"400\" rel=\"nofollow\" class=\"wp-block-button__link  add_to_cart_button ajax_add_to_cart\">\u52a0\u5165\u8d2d\u7269\u8f66<\/a><\/div>\n\t\t\t<\/li><li class=\"wc-block-grid__product\"><span class=\"gtm4wp_productdata\" style=\"display:none; visibility:hidden;\" data-gtm4wp_product_data=\"{&quot;internal_id&quot;:1723,&quot;item_id&quot;:1723,&quot;item_name&quot;:&quot;\\u57fa\\u7763\\u6551\\u4e16\\u4e3b\\u6559\\u5802 - \\u5e03\\u62c9\\u683c&quot;,&quot;sku&quot;:&quot;887&quot;,&quot;price&quot;:200,&quot;stocklevel&quot;:null,&quot;stockstatus&quot;:&quot;instock&quot;,&quot;google_business_vertical&quot;:&quot;retail&quot;,&quot;item_category&quot;:&quot;Pam\\u00e1tky&quot;,&quot;id&quot;:1723,&quot;productlink&quot;:&quot;https:\\\/\\\/www.kinok.eu\\\/zh-hans\\\/produkt\\\/%e5%9f%ba%e7%9d%a3%e6%95%91%e4%b8%96%e4%b8%bb%e6%95%99%e5%a0%82-praha\\\/&quot;,&quot;item_list_name&quot;:&quot;General Product List&quot;,&quot;index&quot;:0,&quot;product_type&quot;:&quot;simple&quot;,&quot;item_brand&quot;:&quot;&quot;}\"><\/span>\n\t\t\t\t<a href=\"https:\/\/www.kinok.eu\/zh-hans\/produkt\/%e5%9f%ba%e7%9d%a3%e6%95%91%e4%b8%96%e4%b8%bb%e6%95%99%e5%a0%82-praha\/\" class=\"wc-block-grid__product-link\">\n\t\t\t\t\t\n\t\t\t\t\t<div class=\"wc-block-grid__product-image\"><img loading=\"lazy\" decoding=\"async\" width=\"300\" height=\"300\" src=\"https:\/\/cdn.kinok.eu\/wp-content\/uploads\/2025\/07\/kostel-Krista-spasitele-karta-2-300x300.jpg\" class=\"attachment-woocommerce_thumbnail size-woocommerce_thumbnail\" alt=\"Sklen\u011bn\u00fd k\u0159\u00ed\u017e v kostele Krista spasitele\" srcset=\"https:\/\/cdn.kinok.eu\/wp-content\/uploads\/2025\/07\/kostel-Krista-spasitele-karta-2-300x300.jpg 300w, https:\/\/cdn.kinok.eu\/wp-content\/uploads\/2025\/07\/kostel-Krista-spasitele-karta-2-100x100.jpg 100w, https:\/\/cdn.kinok.eu\/wp-content\/uploads\/2025\/07\/kostel-Krista-spasitele-karta-2-150x150.jpg 150w\" sizes=\"auto, (max-width: 300px) 100vw, 300px\" \/><\/div>\n\t\t\t\t\t<div class=\"wc-block-grid__product-title\">\u57fa\u7763\u6551\u4e16\u4e3b\u6559\u5802 &#8211; \u5e03\u62c9\u683c<\/div>\n\t\t\t\t<\/a>\n\t\t\t\t<div class=\"wc-block-grid__product-price price\"><div class=\"kk-price-foreign\" style=\"font-size:48px;line-height:1.1;font-weight:600\">10.00&nbsp;$<\/div><div class=\"kk-price-czk\" style=\"font-size:16px;line-height:1.3;opacity:0.8\">(<span class=\"woocommerce-Price-amount amount\">200&nbsp;<span class=\"woocommerce-Price-currencySymbol\">&#075;&#269;<\/span><\/span>)<\/div><\/div>\n\t\t\t\t\n\t\t\t\t<div class=\"wp-block-button wc-block-grid__product-add-to-cart\"><a href=\"\/zh-hans\/wp-json\/wp\/v2\/pages\/24?add-to-cart=1723\" aria-label=\"\u52a0\u5165\u8d2d\u7269\u8f66\uff1a\u201c\u57fa\u7763\u6551\u4e16\u4e3b\u6559\u5802 - \u5e03\u62c9\u683c\u201d\" data-quantity=\"1\" data-product_id=\"1723\" data-product_sku=\"887\" data-price=\"200\" rel=\"nofollow\" class=\"wp-block-button__link  add_to_cart_button ajax_add_to_cart\">\u52a0\u5165\u8d2d\u7269\u8f66<\/a><\/div>\n\t\t\t<\/li><\/ul><\/div><\/div>\n<\/div>\n","protected":false},"excerpt":{"rendered":"","protected":false},"author":1,"featured_media":0,"parent":0,"menu_order":0,"comment_status":"closed","ping_status":"closed","template":"","meta":{"_acf_changed":false,"footnotes":""},"class_list":["post-24","page","type-page","status-publish","hentry"],"acf":[],"_links":{"self":[{"href":"https:\/\/www.kinok.eu\/zh-hans\/wp-json\/wp\/v2\/pages\/24","targetHints":{"allow":["GET"]}}],"collection":[{"href":"https:\/\/www.kinok.eu\/zh-hans\/wp-json\/wp\/v2\/pages"}],"about":[{"href":"https:\/\/www.kinok.eu\/zh-hans\/wp-json\/wp\/v2\/types\/page"}],"author":[{"embeddable":true,"href":"https:\/\/www.kinok.eu\/zh-hans\/wp-json\/wp\/v2\/users\/1"}],"replies":[{"embeddable":true,"href":"https:\/\/www.kinok.eu\/zh-hans\/wp-json\/wp\/v2\/comments?post=24"}],"version-history":[{"count":5,"href":"https:\/\/www.kinok.eu\/zh-hans\/wp-json\/wp\/v2\/pages\/24\/revisions"}],"predecessor-version":[{"id":5452,"href":"https:\/\/www.kinok.eu\/zh-hans\/wp-json\/wp\/v2\/pages\/24\/revisions\/5452"}],"wp:attachment":[{"href":"https:\/\/www.kinok.eu\/zh-hans\/wp-json\/wp\/v2\/media?parent=24"}],"curies":[{"name":"wp","href":"https:\/\/api.w.org\/{rel}","templated":true}]}}